{"id":5648,"date":"2024-01-04T10:40:34","date_gmt":"2024-01-04T09:40:34","guid":{"rendered":"http:\/\/s986445558.online.de\/?page_id=5648"},"modified":"2026-02-03T21:04:24","modified_gmt":"2026-02-03T20:04:24","slug":"wassersportzentrum-kiotari","status":"publish","type":"page","link":"https:\/\/watersports-rhodes.com\/de\/wassersportzentrum-kiotari\/","title":{"rendered":"Wassersportzentrum Kiotari"},"content":{"rendered":"\t\t<div data-elementor-type=\"wp-page\" data-elementor-id=\"5648\" class=\"elementor elementor-5648\" data-elementor-post-type=\"page\">\n\t\t\t\t\t\t<section class=\"elementor-section elementor-top-section elementor-element elementor-element-28d8ceb elementor-section-boxed elementor-section-height-default elementor-section-height-default\" data-id=\"28d8ceb\" data-element_type=\"section\" data-e-type=\"section\" data-settings=\"{&quot;background_background&quot;:&quot;video&quot;,&quot;background_video_link&quot;:&quot;https:\\\/\\\/watersports-rhodes.com\\\/wp-content\\\/uploads\\\/2022\\\/05\\\/yara-yachting-ocean.mp4&quot;,&quot;animation&quot;:&quot;none&quot;,&quot;animation_delay&quot;:0,&quot;background_play_on_mobile&quot;:&quot;yes&quot;}\">\n\t\t\t\t\t\t\t\t<div class=\"elementor-background-video-container\">\n\t\t\t\t\t\t\t\t\t\t\t\t\t<video class=\"elementor-background-video-hosted\" role=\"presentation\" autoplay muted playsinline loop><\/video>\n\t\t\t\t\t\t\t\t\t\t\t<\/div>\n\t\t\t\t\t\t\t\t<div class=\"elementor-container elementor-column-gap-default\">\n\t\t\t\t\t<div class=\"elementor-column elementor-col-100 elementor-top-column elementor-element elementor-element-7e286e4\" data-id=\"7e286e4\" data-element_type=\"column\" data-e-type=\"column\">\n\t\t\t<div class=\"elementor-widget-wrap elementor-element-populated\">\n\t\t\t\t\t\t<div class=\"elementor-element elementor-element-84db19a elementor-widget elementor-widget-spacer\" data-id=\"84db19a\" data-element_type=\"widget\" data-e-type=\"widget\" data-widget_type=\"spacer.default\">\n\t\t\t\t<div class=\"elementor-widget-container\">\n\t\t\t\t\t\t\t<div class=\"elementor-spacer\">\n\t\t\t<div class=\"elementor-spacer-inner\"><\/div>\n\t\t<\/div>\n\t\t\t\t\t\t<\/div>\n\t\t\t\t<\/div>\n\t\t\t\t\t<\/div>\n\t\t<\/div>\n\t\t\t\t\t<\/div>\n\t\t<\/section>\n\t\t\t\t<section class=\"elementor-section elementor-top-section elementor-element elementor-element-2cb5e6b elementor-section-full_width elementor-section-height-default elementor-section-height-default\" data-id=\"2cb5e6b\" data-element_type=\"section\" data-e-type=\"section\" data-settings=\"{&quot;background_background&quot;:&quot;classic&quot;}\">\n\t\t\t\t\t\t<div class=\"elementor-container elementor-column-gap-default\">\n\t\t\t\t\t<div class=\"elementor-column elementor-col-100 elementor-top-column elementor-element elementor-element-4ab3f40 animated-slow\" data-id=\"4ab3f40\" data-element_type=\"column\" data-e-type=\"column\" data-settings=\"{&quot;background_background&quot;:&quot;classic&quot;,&quot;animation&quot;:&quot;none&quot;}\">\n\t\t\t<div class=\"elementor-widget-wrap elementor-element-populated\">\n\t\t\t\t\t\t<div class=\"elementor-element elementor-element-099c8cd animated-slow elementor-invisible elementor-widget elementor-widget-heading\" data-id=\"099c8cd\" data-element_type=\"widget\" data-e-type=\"widget\" data-settings=\"{&quot;_animation&quot;:&quot;fadeInDown&quot;,&quot;_animation_delay&quot;:500}\" data-widget_type=\"heading.default\">\n\t\t\t\t<div class=\"elementor-widget-container\">\n\t\t\t\t\t<h6 class=\"elementor-heading-title elementor-size-default\">Das Wassersportzentrum Kiotari<\/h6>\t\t\t\t<\/div>\n\t\t\t\t<\/div>\n\t\t\t\t\t<\/div>\n\t\t<\/div>\n\t\t\t\t\t<\/div>\n\t\t<\/section>\n\t\t\t\t<section class=\"elementor-section elementor-top-section elementor-element elementor-element-3da6f96 elementor-section-boxed elementor-section-height-default elementor-section-height-default\" data-id=\"3da6f96\" data-element_type=\"section\" data-e-type=\"section\" data-settings=\"{&quot;background_background&quot;:&quot;classic&quot;}\">\n\t\t\t\t\t\t<div class=\"elementor-container elementor-column-gap-default\">\n\t\t\t\t\t<div class=\"elementor-column elementor-col-100 elementor-top-column elementor-element elementor-element-06c45d2 animated-slow\" data-id=\"06c45d2\" data-element_type=\"column\" data-e-type=\"column\" data-settings=\"{&quot;background_background&quot;:&quot;classic&quot;,&quot;animation&quot;:&quot;none&quot;}\">\n\t\t\t<div class=\"elementor-widget-wrap elementor-element-populated\">\n\t\t\t\t\t\t<section class=\"elementor-section elementor-inner-section elementor-element elementor-element-80cf0a0 elementor-reverse-tablet elementor-reverse-mobile elementor-section-height-min-height elementor-section-boxed elementor-section-height-default\" data-id=\"80cf0a0\" data-element_type=\"section\" data-e-type=\"section\" data-settings=\"{&quot;animation&quot;:&quot;none&quot;}\">\n\t\t\t\t\t\t<div class=\"elementor-container elementor-column-gap-default\">\n\t\t\t\t\t<div class=\"elementor-column elementor-col-50 elementor-inner-column elementor-element elementor-element-0f0c50d\" data-id=\"0f0c50d\" data-element_type=\"column\" data-e-type=\"column\" data-settings=\"{&quot;background_background&quot;:&quot;classic&quot;}\">\n\t\t\t<div class=\"elementor-widget-wrap elementor-element-populated\">\n\t\t\t\t\t\t<div class=\"elementor-element elementor-element-94cbfc3 elementor-widget elementor-widget-text-editor\" data-id=\"94cbfc3\" data-element_type=\"widget\" data-e-type=\"widget\" data-widget_type=\"text-editor.default\">\n\t\t\t\t<div class=\"elementor-widget-container\">\n\t\t\t\t\t\t\t\t\t<p>Das Wassersportzentrum Kiotari an der Ostk\u00fcste der griechischen Insel Rhodos wurde 1997 von Michaela und Burkhard Post gegr\u00fcndet und seitdem st\u00e4ndig vergr\u00f6\u00dfert und modernisiert. Mittlerweile geh\u00f6rt das Wassersportzentrum zu den professionellsten seiner Art und bietet eine gro\u00dfe Auswahl an Aktivit\u00e4ten auf dem Wasser..<\/p><p>Mehrsprachige, engagierte Mitarbeiter, ausgebildet und gepr\u00fcft von international anerkannten Fachverb\u00e4nden, garantieren ein hohes Niveau an Sicherheit und Professionalit\u00e4t. Um mehr \u00fcber unsere Angebote zu erfahren, klicken Sie bitte auf die entsprechenden Aktivit\u00e4ten.<\/p><p>Die Segel-Enthusiasten, oder auch diejenigen, die es noch werden wollen, finden bei unserer Schwesterfirma unter <a href=\"https:\/\/yara-yachting.com\" target=\"_blank\" rel=\"noopener\">Watersportcenter Kiotari<\/a> die entsprechenden Angebote f\u00fcr Tages- und Wochencharter auf einer unserer Segelyachten.<\/p><p>Wir freuen uns auf Ihren Besuch<\/p>\t\t\t\t\t\t\t\t<\/div>\n\t\t\t\t<\/div>\n\t\t\t\t\t<\/div>\n\t\t<\/div>\n\t\t\t\t<div class=\"elementor-column elementor-col-50 elementor-inner-column elementor-element elementor-element-0d63f75\" data-id=\"0d63f75\" data-element_type=\"column\" data-e-type=\"column\" data-settings=\"{&quot;background_background&quot;:&quot;classic&quot;}\">\n\t\t\t<div class=\"elementor-widget-wrap elementor-element-populated\">\n\t\t\t\t\t\t<div class=\"elementor-element elementor-element-f3c05f3 elementor-widget elementor-widget-gallery\" data-id=\"f3c05f3\" data-element_type=\"widget\" data-e-type=\"widget\" data-settings=\"{&quot;gallery_layout&quot;:&quot;masonry&quot;,&quot;columns&quot;:1,&quot;lazyload&quot;:&quot;yes&quot;,&quot;columns_tablet&quot;:2,&quot;columns_mobile&quot;:1,&quot;gap&quot;:{&quot;unit&quot;:&quot;px&quot;,&quot;size&quot;:10,&quot;sizes&quot;:[]},&quot;gap_tablet&quot;:{&quot;unit&quot;:&quot;px&quot;,&quot;size&quot;:10,&quot;sizes&quot;:[]},&quot;gap_mobile&quot;:{&quot;unit&quot;:&quot;px&quot;,&quot;size&quot;:10,&quot;sizes&quot;:[]},&quot;link_to&quot;:&quot;file&quot;,&quot;overlay_background&quot;:&quot;yes&quot;,&quot;content_hover_animation&quot;:&quot;fade-in&quot;}\" data-widget_type=\"gallery.default\">\n\t\t\t\t<div class=\"elementor-widget-container\">\n\t\t\t\t\t\t\t<div class=\"elementor-gallery__container\">\n\t\t\t\t\t\t\t<a class=\"e-gallery-item elementor-gallery-item elementor-animated-content\" href=\"https:\/\/watersports-rhodes.com\/wp-content\/uploads\/2023\/12\/Station-1.png\" data-elementor-open-lightbox=\"yes\" data-elementor-lightbox-slideshow=\"f3c05f3\" data-elementor-lightbox-title=\"Station 1\" data-e-action-hash=\"#elementor-action%3Aaction%3Dlightbox%26settings%3DeyJpZCI6NTE1MCwidXJsIjoiaHR0cHM6XC9cL3dhdGVyc3BvcnRzLXJob2Rlcy5jb21cL3dwLWNvbnRlbnRcL3VwbG9hZHNcLzIwMjNcLzEyXC9TdGF0aW9uLTEucG5nIiwic2xpZGVzaG93IjoiZjNjMDVmMyJ9\">\n\t\t\t\t\t<div class=\"e-gallery-image elementor-gallery-item__image\" data-thumbnail=\"https:\/\/watersports-rhodes.com\/wp-content\/uploads\/2023\/12\/Station-1-768x467.png\" data-width=\"768\" data-height=\"467\" aria-label=\"Watersports station Rhodos Kiotari\" role=\"img\" ><\/div>\n\t\t\t\t\t\t\t\t\t\t\t<div class=\"elementor-gallery-item__overlay\"><\/div>\n\t\t\t\t\t\t\t\t\t\t\t\t\t\t<\/a>\n\t\t\t\t\t\t\t<a class=\"e-gallery-item elementor-gallery-item elementor-animated-content\" href=\"https:\/\/watersports-rhodes.com\/wp-content\/uploads\/2023\/12\/Station-2.png\" data-elementor-open-lightbox=\"yes\" data-elementor-lightbox-slideshow=\"f3c05f3\" data-elementor-lightbox-title=\"Station 2\" data-e-action-hash=\"#elementor-action%3Aaction%3Dlightbox%26settings%3DeyJpZCI6NTE1NCwidXJsIjoiaHR0cHM6XC9cL3dhdGVyc3BvcnRzLXJob2Rlcy5jb21cL3dwLWNvbnRlbnRcL3VwbG9hZHNcLzIwMjNcLzEyXC9TdGF0aW9uLTIucG5nIiwic2xpZGVzaG93IjoiZjNjMDVmMyJ9\">\n\t\t\t\t\t<div class=\"e-gallery-image elementor-gallery-item__image\" data-thumbnail=\"https:\/\/watersports-rhodes.com\/wp-content\/uploads\/2023\/12\/Station-2-768x421.png\" data-width=\"768\" data-height=\"421\" aria-label=\"Watersports station Rhodos Kiotari\" role=\"img\" ><\/div>\n\t\t\t\t\t\t\t\t\t\t\t<div class=\"elementor-gallery-item__overlay\"><\/div>\n\t\t\t\t\t\t\t\t\t\t\t\t\t\t<\/a>\n\t\t\t\t\t<\/div>\n\t\t\t\t\t<\/div>\n\t\t\t\t<\/div>\n\t\t\t\t\t<\/div>\n\t\t<\/div>\n\t\t\t\t\t<\/div>\n\t\t<\/section>\n\t\t\t\t\t<\/div>\n\t\t<\/div>\n\t\t\t\t\t<\/div>\n\t\t<\/section>\n\t\t\t\t<\/div>\n\t\t","protected":false},"excerpt":{"rendered":"<p>Das Wassersportzentrum Kiotari Das Wassersportzentrum Kiotari an der Ostk\u00fcste der griechischen Insel Rhodos wurde 1997 von Michaela und Burkhard Post gegr\u00fcndet und seitdem st\u00e4ndig vergr\u00f6\u00dfert und modernisiert. Mittlerweile geh\u00f6rt das Wassersportzentrum zu den professionellsten seiner Art und bietet eine gro\u00dfe Auswahl an Aktivit\u00e4ten auf dem Wasser.. Mehrsprachige, engagierte Mitarbeiter, ausgebildet und gepr\u00fcft von international anerkannten [&hellip;]<\/p>\n","protected":false},"author":7,"featured_media":0,"parent":0,"menu_order":0,"comment_status":"closed","ping_status":"closed","template":"","meta":{"site-sidebar-layout":"no-sidebar","site-content-layout":"page-builder","ast-site-content-layout":"default","site-content-style":"default","site-sidebar-style":"default","ast-global-header-display":"","ast-banner-title-visibility":"","ast-main-header-display":"","ast-hfb-above-header-display":"","ast-hfb-below-header-display":"","ast-hfb-mobile-header-display":"","site-post-title":"disabled","ast-breadcrumbs-content":"","ast-featured-img":"disabled","footer-sml-layout":"","ast-disable-related-posts":"","theme-transparent-header-meta":"","adv-header-id-meta":"","stick-header-meta":"","header-above-stick-meta":"","header-main-stick-meta":"","header-below-stick-meta":"","astra-migrate-meta-layouts":"default","ast-page-background-enabled":"default","ast-page-background-meta":{"desktop":{"background-color":"var(--ast-global-color-4)","background-image":"","background-repeat":"repeat","background-position":"center center","background-size":"auto","background-attachment":"scroll","background-type":"","background-media":"","overlay-type":"","overlay-color":"","overlay-opacity":"","overlay-gradient":""},"tablet":{"background-color":"","background-image":"","background-repeat":"repeat","background-position":"center center","background-size":"auto","background-attachment":"scroll","background-type":"","background-media":"","overlay-type":"","overlay-color":"","overlay-opacity":"","overlay-gradient":""},"mobile":{"background-color":"","background-image":"","background-repeat":"repeat","background-position":"center center","background-size":"auto","background-attachment":"scroll","background-type":"","background-media":"","overlay-type":"","overlay-color":"","overlay-opacity":"","overlay-gradient":""}},"ast-content-background-meta":{"desktop":{"background-color":"var(--ast-global-color-5)","background-image":"","background-repeat":"repeat","background-position":"center center","background-size":"auto","background-attachment":"scroll","background-type":"","background-media":"","overlay-type":"","overlay-color":"","overlay-opacity":"","overlay-gradient":""},"tablet":{"background-color":"var(--ast-global-color-5)","background-image":"","background-repeat":"repeat","background-position":"center center","background-size":"auto","background-attachment":"scroll","background-type":"","background-media":"","overlay-type":"","overlay-color":"","overlay-opacity":"","overlay-gradient":""},"mobile":{"background-color":"var(--ast-global-color-5)","background-image":"","background-repeat":"repeat","background-position":"center center","background-size":"auto","background-attachment":"scroll","background-type":"","background-media":"","overlay-type":"","overlay-color":"","overlay-opacity":"","overlay-gradient":""}},"footnotes":""},"class_list":["post-5648","page","type-page","status-publish","hentry"],"yoast_head":"<!-- This site is optimized with the Yoast SEO plugin v27.1.1 - https:\/\/yoast.com\/product\/yoast-seo-wordpress\/ -->\n<title>Wassersport Rhodos | Motorboot mieten<\/title>\n<meta name=\"description\" content=\"Motorboot mieten auf Rhodos an der Ostk\u00fcste der \u00c4g\u00e4is\" \/>\n<meta name=\"robots\" content=\"index, follow, max-snippet:-1, max-image-preview:large, max-video-preview:-1\" \/>\n<link rel=\"canonical\" href=\"https:\/\/watersports-rhodes.com\/de\/wassersportzentrum-kiotari\/\" \/>\n<meta property=\"og:locale\" content=\"de_DE\" \/>\n<meta property=\"og:type\" content=\"article\" \/>\n<meta property=\"og:title\" content=\"Wassersport Rhodos | Motorboot mieten\" \/>\n<meta property=\"og:description\" content=\"Motorboot mieten auf Rhodos an der Ostk\u00fcste der \u00c4g\u00e4is\" \/>\n<meta property=\"og:url\" content=\"https:\/\/watersports-rhodes.com\/de\/wassersportzentrum-kiotari\/\" \/>\n<meta property=\"og:site_name\" content=\"Watersports Rhodes\" \/>\n<meta property=\"article:modified_time\" content=\"2026-02-03T20:04:24+00:00\" \/>\n<meta name=\"twitter:card\" content=\"summary_large_image\" \/>\n<meta name=\"twitter:label1\" content=\"Gesch\u00e4tzte Lesezeit\" \/>\n\t<meta name=\"twitter:data1\" content=\"1\u00a0Minute\" \/>\n<script type=\"application\/ld+json\" class=\"yoast-schema-graph\">{\"@context\":\"https:\/\/schema.org\",\"@graph\":[{\"@type\":\"WebPage\",\"@id\":\"https:\/\/watersports-rhodes.com\/de\/wassersportzentrum-kiotari\/\",\"url\":\"https:\/\/watersports-rhodes.com\/de\/wassersportzentrum-kiotari\/\",\"name\":\"Wassersport Rhodos | Motorboot mieten\",\"isPartOf\":{\"@id\":\"https:\/\/watersports-rhodes.com\/de\/#website\"},\"datePublished\":\"2024-01-04T09:40:34+00:00\",\"dateModified\":\"2026-02-03T20:04:24+00:00\",\"description\":\"Motorboot mieten auf Rhodos an der Ostk\u00fcste der \u00c4g\u00e4is\",\"breadcrumb\":{\"@id\":\"https:\/\/watersports-rhodes.com\/de\/wassersportzentrum-kiotari\/#breadcrumb\"},\"inLanguage\":\"de\",\"potentialAction\":[{\"@type\":\"ReadAction\",\"target\":[\"https:\/\/watersports-rhodes.com\/de\/wassersportzentrum-kiotari\/\"]}]},{\"@type\":\"BreadcrumbList\",\"@id\":\"https:\/\/watersports-rhodes.com\/de\/wassersportzentrum-kiotari\/#breadcrumb\",\"itemListElement\":[{\"@type\":\"ListItem\",\"position\":1,\"name\":\"Home\",\"item\":\"https:\/\/watersports-rhodes.com\/de\/\"},{\"@type\":\"ListItem\",\"position\":2,\"name\":\"Wassersportzentrum Kiotari\"}]},{\"@type\":\"WebSite\",\"@id\":\"https:\/\/watersports-rhodes.com\/de\/#website\",\"url\":\"https:\/\/watersports-rhodes.com\/de\/\",\"name\":\"Watersports Rhodes\",\"description\":\"Watersports, motorboot, glass bottom boat\",\"publisher\":{\"@id\":\"https:\/\/watersports-rhodes.com\/de\/#organization\"},\"potentialAction\":[{\"@type\":\"SearchAction\",\"target\":{\"@type\":\"EntryPoint\",\"urlTemplate\":\"https:\/\/watersports-rhodes.com\/de\/?s={search_term_string}\"},\"query-input\":{\"@type\":\"PropertyValueSpecification\",\"valueRequired\":true,\"valueName\":\"search_term_string\"}}],\"inLanguage\":\"de\"},{\"@type\":\"Organization\",\"@id\":\"https:\/\/watersports-rhodes.com\/de\/#organization\",\"name\":\"Watersports Rhodes\",\"url\":\"https:\/\/watersports-rhodes.com\/de\/\",\"logo\":{\"@type\":\"ImageObject\",\"inLanguage\":\"de\",\"@id\":\"https:\/\/watersports-rhodes.com\/de\/#\/schema\/logo\/image\/\",\"url\":\"https:\/\/watersports-rhodes.com\/wp-content\/uploads\/2023\/12\/logo-watersports-rhodes-1.png\",\"contentUrl\":\"https:\/\/watersports-rhodes.com\/wp-content\/uploads\/2023\/12\/logo-watersports-rhodes-1.png\",\"width\":620,\"height\":300,\"caption\":\"Watersports Rhodes\"},\"image\":{\"@id\":\"https:\/\/watersports-rhodes.com\/de\/#\/schema\/logo\/image\/\"}}]}<\/script>\n<!-- \/ Yoast SEO plugin. -->","yoast_head_json":{"title":"Wassersport Rhodos | Motorboot mieten","description":"Motorboot mieten auf Rhodos an der Ostk\u00fcste der \u00c4g\u00e4is","robots":{"index":"index","follow":"follow","max-snippet":"max-snippet:-1","max-image-preview":"max-image-preview:large","max-video-preview":"max-video-preview:-1"},"canonical":"https:\/\/watersports-rhodes.com\/de\/wassersportzentrum-kiotari\/","og_locale":"de_DE","og_type":"article","og_title":"Wassersport Rhodos | Motorboot mieten","og_description":"Motorboot mieten auf Rhodos an der Ostk\u00fcste der \u00c4g\u00e4is","og_url":"https:\/\/watersports-rhodes.com\/de\/wassersportzentrum-kiotari\/","og_site_name":"Watersports Rhodes","article_modified_time":"2026-02-03T20:04:24+00:00","twitter_card":"summary_large_image","twitter_misc":{"Gesch\u00e4tzte Lesezeit":"1\u00a0Minute"},"schema":{"@context":"https:\/\/schema.org","@graph":[{"@type":"WebPage","@id":"https:\/\/watersports-rhodes.com\/de\/wassersportzentrum-kiotari\/","url":"https:\/\/watersports-rhodes.com\/de\/wassersportzentrum-kiotari\/","name":"Wassersport Rhodos | Motorboot mieten","isPartOf":{"@id":"https:\/\/watersports-rhodes.com\/de\/#website"},"datePublished":"2024-01-04T09:40:34+00:00","dateModified":"2026-02-03T20:04:24+00:00","description":"Motorboot mieten auf Rhodos an der Ostk\u00fcste der \u00c4g\u00e4is","breadcrumb":{"@id":"https:\/\/watersports-rhodes.com\/de\/wassersportzentrum-kiotari\/#breadcrumb"},"inLanguage":"de","potentialAction":[{"@type":"ReadAction","target":["https:\/\/watersports-rhodes.com\/de\/wassersportzentrum-kiotari\/"]}]},{"@type":"BreadcrumbList","@id":"https:\/\/watersports-rhodes.com\/de\/wassersportzentrum-kiotari\/#breadcrumb","itemListElement":[{"@type":"ListItem","position":1,"name":"Home","item":"https:\/\/watersports-rhodes.com\/de\/"},{"@type":"ListItem","position":2,"name":"Wassersportzentrum Kiotari"}]},{"@type":"WebSite","@id":"https:\/\/watersports-rhodes.com\/de\/#website","url":"https:\/\/watersports-rhodes.com\/de\/","name":"Watersports Rhodes","description":"Watersports, motorboot, glass bottom boat","publisher":{"@id":"https:\/\/watersports-rhodes.com\/de\/#organization"},"potentialAction":[{"@type":"SearchAction","target":{"@type":"EntryPoint","urlTemplate":"https:\/\/watersports-rhodes.com\/de\/?s={search_term_string}"},"query-input":{"@type":"PropertyValueSpecification","valueRequired":true,"valueName":"search_term_string"}}],"inLanguage":"de"},{"@type":"Organization","@id":"https:\/\/watersports-rhodes.com\/de\/#organization","name":"Watersports Rhodes","url":"https:\/\/watersports-rhodes.com\/de\/","logo":{"@type":"ImageObject","inLanguage":"de","@id":"https:\/\/watersports-rhodes.com\/de\/#\/schema\/logo\/image\/","url":"https:\/\/watersports-rhodes.com\/wp-content\/uploads\/2023\/12\/logo-watersports-rhodes-1.png","contentUrl":"https:\/\/watersports-rhodes.com\/wp-content\/uploads\/2023\/12\/logo-watersports-rhodes-1.png","width":620,"height":300,"caption":"Watersports Rhodes"},"image":{"@id":"https:\/\/watersports-rhodes.com\/de\/#\/schema\/logo\/image\/"}}]}},"_links":{"self":[{"href":"https:\/\/watersports-rhodes.com\/de\/wp-json\/wp\/v2\/pages\/5648","targetHints":{"allow":["GET"]}}],"collection":[{"href":"https:\/\/watersports-rhodes.com\/de\/wp-json\/wp\/v2\/pages"}],"about":[{"href":"https:\/\/watersports-rhodes.com\/de\/wp-json\/wp\/v2\/types\/page"}],"author":[{"embeddable":true,"href":"https:\/\/watersports-rhodes.com\/de\/wp-json\/wp\/v2\/users\/7"}],"replies":[{"embeddable":true,"href":"https:\/\/watersports-rhodes.com\/de\/wp-json\/wp\/v2\/comments?post=5648"}],"version-history":[{"count":32,"href":"https:\/\/watersports-rhodes.com\/de\/wp-json\/wp\/v2\/pages\/5648\/revisions"}],"predecessor-version":[{"id":6847,"href":"https:\/\/watersports-rhodes.com\/de\/wp-json\/wp\/v2\/pages\/5648\/revisions\/6847"}],"wp:attachment":[{"href":"https:\/\/watersports-rhodes.com\/de\/wp-json\/wp\/v2\/media?parent=5648"}],"curies":[{"name":"wp","href":"https:\/\/api.w.org\/{rel}","templated":true}]}}