{"id":6897,"date":"2024-01-27T22:03:52","date_gmt":"2024-01-27T21:03:52","guid":{"rendered":"http:\/\/s986445558.online.de\/bookings\/ausflug-mit-glasbodenboot-nach-lindos\/"},"modified":"2024-03-30T13:58:22","modified_gmt":"2024-03-30T12:58:22","slug":"ausflug-mit-glasbodenboot-nach-lindos","status":"publish","type":"product","link":"https:\/\/watersports-rhodes.com\/de\/buchungen\/ausflug-mit-glasbodenboot-nach-lindos\/","title":{"rendered":"Ausflug Glasbodenboot"},"content":{"rendered":"<p>Sie buchen Pl\u00e4tze f\u00fcr eine zweist\u00fcndige Tour mit unserem Glasbodenboot nach Lindos. Das Boot bietet Platz f\u00fcr 25 Personen.<\/p>\n<p><strong>Kosten:<\/strong><\/p>\n<ul>\n<li>Erwachsene: 30 \u20ac<\/li>\n<li>Kinder von 2 bis 12 Jahren: 20 \u20ac<\/li>\n<\/ul>\n<p><a href=\"https:\/\/watersports-rhodes.com\/de\/glasbodenboot\/\">Ausf\u00fchrliche Beschreibung<\/a><\/p>\n<p>&nbsp;<\/p>\n","protected":false},"excerpt":{"rendered":"<p>Sie buchen Pl\u00e4tze f\u00fcr eine zweist\u00fcndige Tour mit unserem Glasbodenboot nach Lindos. Das Boot bietet Platz f\u00fcr 25 Personen. Kosten: Erwachsene: 30 \u20ac Kinder von 2 bis 12 Jahren: 20 \u20ac Ausf\u00fchrliche Beschreibung &nbsp;<\/p>\n","protected":false},"featured_media":5090,"template":"","meta":{"site-sidebar-layout":"default","site-content-layout":"default","ast-site-content-layout":"default","site-content-style":"default","site-sidebar-style":"default","ast-global-header-display":"","ast-banner-title-visibility":"","ast-main-header-display":"","ast-hfb-above-header-display":"","ast-hfb-below-header-display":"","ast-hfb-mobile-header-display":"","site-post-title":"","ast-breadcrumbs-content":"","ast-featured-img":"","footer-sml-layout":"","ast-disable-related-posts":"","theme-transparent-header-meta":"default","adv-header-id-meta":"","stick-header-meta":"","header-above-stick-meta":"","header-main-stick-meta":"","header-below-stick-meta":"","astra-migrate-meta-layouts":"default","ast-page-background-enabled":"default","ast-page-background-meta":{"desktop":{"background-color":"var(--ast-global-color-4)","background-image":"","background-repeat":"repeat","background-position":"center center","background-size":"auto","background-attachment":"scroll","background-type":"","background-media":"","overlay-type":"","overlay-color":"","overlay-opacity":"","overlay-gradient":""},"tablet":{"background-color":"","background-image":"","background-repeat":"repeat","background-position":"center center","background-size":"auto","background-attachment":"scroll","background-type":"","background-media":"","overlay-type":"","overlay-color":"","overlay-opacity":"","overlay-gradient":""},"mobile":{"background-color":"","background-image":"","background-repeat":"repeat","background-position":"center center","background-size":"auto","background-attachment":"scroll","background-type":"","background-media":"","overlay-type":"","overlay-color":"","overlay-opacity":"","overlay-gradient":""}},"ast-content-background-meta":{"desktop":{"background-color":"var(--ast-global-color-5)","background-image":"","background-repeat":"repeat","background-position":"center center","background-size":"auto","background-attachment":"scroll","background-type":"","background-media":"","overlay-type":"","overlay-color":"","overlay-opacity":"","overlay-gradient":""},"tablet":{"background-color":"var(--ast-global-color-5)","background-image":"","background-repeat":"repeat","background-position":"center center","background-size":"auto","background-attachment":"scroll","background-type":"","background-media":"","overlay-type":"","overlay-color":"","overlay-opacity":"","overlay-gradient":""},"mobile":{"background-color":"var(--ast-global-color-5)","background-image":"","background-repeat":"repeat","background-position":"center center","background-size":"auto","background-attachment":"scroll","background-type":"","background-media":"","overlay-type":"","overlay-color":"","overlay-opacity":"","overlay-gradient":""}}},"product_brand":[],"product_cat":[54],"product_tag":[],"class_list":{"0":"post-6897","1":"product","2":"type-product","3":"status-publish","4":"has-post-thumbnail","6":"product_cat-unkategorisiert","7":"desktop-align-left","8":"tablet-align-left","9":"mobile-align-left","11":"first","12":"instock","13":"virtual","14":"sold-individually","15":"purchasable","16":"product-type-phive_booking"},"yoast_head":"<!-- This site is optimized with the Yoast SEO plugin v27.1.1 - https:\/\/yoast.com\/product\/yoast-seo-wordpress\/ -->\n<title>Ausflug Glasbodenboot - Watersports Rhodes<\/title>\n<meta name=\"robots\" content=\"index, follow, max-snippet:-1, max-image-preview:large, max-video-preview:-1\" \/>\n<link rel=\"canonical\" href=\"https:\/\/watersports-rhodes.com\/de\/buchungen\/ausflug-mit-glasbodenboot-nach-lindos\/\" \/>\n<meta property=\"og:locale\" content=\"de_DE\" \/>\n<meta property=\"og:type\" content=\"article\" \/>\n<meta property=\"og:title\" content=\"Ausflug Glasbodenboot - Watersports Rhodes\" \/>\n<meta property=\"og:description\" content=\"Sie buchen Pl\u00e4tze f\u00fcr eine zweist\u00fcndige Tour mit unserem Glasbodenboot nach Lindos. Das Boot bietet Platz f\u00fcr 25 Personen. Kosten: Erwachsene: 30 \u20ac Kinder von 2 bis 12 Jahren: 20 \u20ac Ausf\u00fchrliche Beschreibung &nbsp;\" \/>\n<meta property=\"og:url\" content=\"https:\/\/watersports-rhodes.com\/de\/buchungen\/ausflug-mit-glasbodenboot-nach-lindos\/\" \/>\n<meta property=\"og:site_name\" content=\"Watersports Rhodes\" \/>\n<meta property=\"article:modified_time\" content=\"2024-03-30T12:58:22+00:00\" \/>\n<meta property=\"og:image\" content=\"https:\/\/watersports-rhodes.com\/wp-content\/uploads\/2023\/12\/glasbodenboot-1.jpg\" \/>\n\t<meta property=\"og:image:width\" content=\"1024\" \/>\n\t<meta property=\"og:image:height\" content=\"768\" \/>\n\t<meta property=\"og:image:type\" content=\"image\/jpeg\" \/>\n<meta name=\"twitter:card\" content=\"summary_large_image\" \/>\n<meta name=\"twitter:label1\" content=\"Gesch\u00e4tzte Lesezeit\" \/>\n\t<meta name=\"twitter:data1\" content=\"1\u00a0Minute\" \/>\n<script type=\"application\/ld+json\" class=\"yoast-schema-graph\">{\"@context\":\"https:\/\/schema.org\",\"@graph\":[{\"@type\":\"WebPage\",\"@id\":\"https:\/\/watersports-rhodes.com\/de\/buchungen\/ausflug-mit-glasbodenboot-nach-lindos\/\",\"url\":\"https:\/\/watersports-rhodes.com\/de\/buchungen\/ausflug-mit-glasbodenboot-nach-lindos\/\",\"name\":\"Ausflug Glasbodenboot - Watersports Rhodes\",\"isPartOf\":{\"@id\":\"https:\/\/watersports-rhodes.com\/de\/#website\"},\"primaryImageOfPage\":{\"@id\":\"https:\/\/watersports-rhodes.com\/de\/buchungen\/ausflug-mit-glasbodenboot-nach-lindos\/#primaryimage\"},\"image\":{\"@id\":\"https:\/\/watersports-rhodes.com\/de\/buchungen\/ausflug-mit-glasbodenboot-nach-lindos\/#primaryimage\"},\"thumbnailUrl\":\"https:\/\/watersports-rhodes.com\/wp-content\/uploads\/2023\/12\/glasbodenboot-1.jpg\",\"datePublished\":\"2024-01-27T21:03:52+00:00\",\"dateModified\":\"2024-03-30T12:58:22+00:00\",\"breadcrumb\":{\"@id\":\"https:\/\/watersports-rhodes.com\/de\/buchungen\/ausflug-mit-glasbodenboot-nach-lindos\/#breadcrumb\"},\"inLanguage\":\"de\",\"potentialAction\":[{\"@type\":\"ReadAction\",\"target\":[\"https:\/\/watersports-rhodes.com\/de\/buchungen\/ausflug-mit-glasbodenboot-nach-lindos\/\"]}]},{\"@type\":\"ImageObject\",\"inLanguage\":\"de\",\"@id\":\"https:\/\/watersports-rhodes.com\/de\/buchungen\/ausflug-mit-glasbodenboot-nach-lindos\/#primaryimage\",\"url\":\"https:\/\/watersports-rhodes.com\/wp-content\/uploads\/2023\/12\/glasbodenboot-1.jpg\",\"contentUrl\":\"https:\/\/watersports-rhodes.com\/wp-content\/uploads\/2023\/12\/glasbodenboot-1.jpg\",\"width\":1024,\"height\":768,\"caption\":\"Glass bottom boat tour Rhodos\"},{\"@type\":\"BreadcrumbList\",\"@id\":\"https:\/\/watersports-rhodes.com\/de\/buchungen\/ausflug-mit-glasbodenboot-nach-lindos\/#breadcrumb\",\"itemListElement\":[{\"@type\":\"ListItem\",\"position\":1,\"name\":\"Home\",\"item\":\"https:\/\/watersports-rhodes.com\/de\/\"},{\"@type\":\"ListItem\",\"position\":2,\"name\":\"Buchen\",\"item\":\"https:\/\/watersports-rhodes.com\/de\/jetzt-buchen\/\"},{\"@type\":\"ListItem\",\"position\":3,\"name\":\"Ausflug Glasbodenboot\"}]},{\"@type\":\"WebSite\",\"@id\":\"https:\/\/watersports-rhodes.com\/de\/#website\",\"url\":\"https:\/\/watersports-rhodes.com\/de\/\",\"name\":\"Watersports Rhodes\",\"description\":\"Watersports, motorboot, glass bottom boat\",\"publisher\":{\"@id\":\"https:\/\/watersports-rhodes.com\/de\/#organization\"},\"potentialAction\":[{\"@type\":\"SearchAction\",\"target\":{\"@type\":\"EntryPoint\",\"urlTemplate\":\"https:\/\/watersports-rhodes.com\/de\/?s={search_term_string}\"},\"query-input\":{\"@type\":\"PropertyValueSpecification\",\"valueRequired\":true,\"valueName\":\"search_term_string\"}}],\"inLanguage\":\"de\"},{\"@type\":\"Organization\",\"@id\":\"https:\/\/watersports-rhodes.com\/de\/#organization\",\"name\":\"Watersports Rhodes\",\"url\":\"https:\/\/watersports-rhodes.com\/de\/\",\"logo\":{\"@type\":\"ImageObject\",\"inLanguage\":\"de\",\"@id\":\"https:\/\/watersports-rhodes.com\/de\/#\/schema\/logo\/image\/\",\"url\":\"https:\/\/watersports-rhodes.com\/wp-content\/uploads\/2023\/12\/logo-watersports-rhodes-1.png\",\"contentUrl\":\"https:\/\/watersports-rhodes.com\/wp-content\/uploads\/2023\/12\/logo-watersports-rhodes-1.png\",\"width\":620,\"height\":300,\"caption\":\"Watersports Rhodes\"},\"image\":{\"@id\":\"https:\/\/watersports-rhodes.com\/de\/#\/schema\/logo\/image\/\"}}]}<\/script>\n<!-- \/ Yoast SEO plugin. -->","yoast_head_json":{"title":"Ausflug Glasbodenboot - Watersports Rhodes","robots":{"index":"index","follow":"follow","max-snippet":"max-snippet:-1","max-image-preview":"max-image-preview:large","max-video-preview":"max-video-preview:-1"},"canonical":"https:\/\/watersports-rhodes.com\/de\/buchungen\/ausflug-mit-glasbodenboot-nach-lindos\/","og_locale":"de_DE","og_type":"article","og_title":"Ausflug Glasbodenboot - Watersports Rhodes","og_description":"Sie buchen Pl\u00e4tze f\u00fcr eine zweist\u00fcndige Tour mit unserem Glasbodenboot nach Lindos. Das Boot bietet Platz f\u00fcr 25 Personen. Kosten: Erwachsene: 30 \u20ac Kinder von 2 bis 12 Jahren: 20 \u20ac Ausf\u00fchrliche Beschreibung &nbsp;","og_url":"https:\/\/watersports-rhodes.com\/de\/buchungen\/ausflug-mit-glasbodenboot-nach-lindos\/","og_site_name":"Watersports Rhodes","article_modified_time":"2024-03-30T12:58:22+00:00","og_image":[{"width":1024,"height":768,"url":"https:\/\/watersports-rhodes.com\/wp-content\/uploads\/2023\/12\/glasbodenboot-1.jpg","type":"image\/jpeg"}],"twitter_card":"summary_large_image","twitter_misc":{"Gesch\u00e4tzte Lesezeit":"1\u00a0Minute"},"schema":{"@context":"https:\/\/schema.org","@graph":[{"@type":"WebPage","@id":"https:\/\/watersports-rhodes.com\/de\/buchungen\/ausflug-mit-glasbodenboot-nach-lindos\/","url":"https:\/\/watersports-rhodes.com\/de\/buchungen\/ausflug-mit-glasbodenboot-nach-lindos\/","name":"Ausflug Glasbodenboot - Watersports Rhodes","isPartOf":{"@id":"https:\/\/watersports-rhodes.com\/de\/#website"},"primaryImageOfPage":{"@id":"https:\/\/watersports-rhodes.com\/de\/buchungen\/ausflug-mit-glasbodenboot-nach-lindos\/#primaryimage"},"image":{"@id":"https:\/\/watersports-rhodes.com\/de\/buchungen\/ausflug-mit-glasbodenboot-nach-lindos\/#primaryimage"},"thumbnailUrl":"https:\/\/watersports-rhodes.com\/wp-content\/uploads\/2023\/12\/glasbodenboot-1.jpg","datePublished":"2024-01-27T21:03:52+00:00","dateModified":"2024-03-30T12:58:22+00:00","breadcrumb":{"@id":"https:\/\/watersports-rhodes.com\/de\/buchungen\/ausflug-mit-glasbodenboot-nach-lindos\/#breadcrumb"},"inLanguage":"de","potentialAction":[{"@type":"ReadAction","target":["https:\/\/watersports-rhodes.com\/de\/buchungen\/ausflug-mit-glasbodenboot-nach-lindos\/"]}]},{"@type":"ImageObject","inLanguage":"de","@id":"https:\/\/watersports-rhodes.com\/de\/buchungen\/ausflug-mit-glasbodenboot-nach-lindos\/#primaryimage","url":"https:\/\/watersports-rhodes.com\/wp-content\/uploads\/2023\/12\/glasbodenboot-1.jpg","contentUrl":"https:\/\/watersports-rhodes.com\/wp-content\/uploads\/2023\/12\/glasbodenboot-1.jpg","width":1024,"height":768,"caption":"Glass bottom boat tour Rhodos"},{"@type":"BreadcrumbList","@id":"https:\/\/watersports-rhodes.com\/de\/buchungen\/ausflug-mit-glasbodenboot-nach-lindos\/#breadcrumb","itemListElement":[{"@type":"ListItem","position":1,"name":"Home","item":"https:\/\/watersports-rhodes.com\/de\/"},{"@type":"ListItem","position":2,"name":"Buchen","item":"https:\/\/watersports-rhodes.com\/de\/jetzt-buchen\/"},{"@type":"ListItem","position":3,"name":"Ausflug Glasbodenboot"}]},{"@type":"WebSite","@id":"https:\/\/watersports-rhodes.com\/de\/#website","url":"https:\/\/watersports-rhodes.com\/de\/","name":"Watersports Rhodes","description":"Watersports, motorboot, glass bottom boat","publisher":{"@id":"https:\/\/watersports-rhodes.com\/de\/#organization"},"potentialAction":[{"@type":"SearchAction","target":{"@type":"EntryPoint","urlTemplate":"https:\/\/watersports-rhodes.com\/de\/?s={search_term_string}"},"query-input":{"@type":"PropertyValueSpecification","valueRequired":true,"valueName":"search_term_string"}}],"inLanguage":"de"},{"@type":"Organization","@id":"https:\/\/watersports-rhodes.com\/de\/#organization","name":"Watersports Rhodes","url":"https:\/\/watersports-rhodes.com\/de\/","logo":{"@type":"ImageObject","inLanguage":"de","@id":"https:\/\/watersports-rhodes.com\/de\/#\/schema\/logo\/image\/","url":"https:\/\/watersports-rhodes.com\/wp-content\/uploads\/2023\/12\/logo-watersports-rhodes-1.png","contentUrl":"https:\/\/watersports-rhodes.com\/wp-content\/uploads\/2023\/12\/logo-watersports-rhodes-1.png","width":620,"height":300,"caption":"Watersports Rhodes"},"image":{"@id":"https:\/\/watersports-rhodes.com\/de\/#\/schema\/logo\/image\/"}}]}},"_links":{"self":[{"href":"https:\/\/watersports-rhodes.com\/de\/wp-json\/wp\/v2\/product\/6897","targetHints":{"allow":["GET"]}}],"collection":[{"href":"https:\/\/watersports-rhodes.com\/de\/wp-json\/wp\/v2\/product"}],"about":[{"href":"https:\/\/watersports-rhodes.com\/de\/wp-json\/wp\/v2\/types\/product"}],"wp:featuredmedia":[{"embeddable":true,"href":"https:\/\/watersports-rhodes.com\/de\/wp-json\/wp\/v2\/media\/5090"}],"wp:attachment":[{"href":"https:\/\/watersports-rhodes.com\/de\/wp-json\/wp\/v2\/media?parent=6897"}],"wp:term":[{"taxonomy":"product_brand","embeddable":true,"href":"https:\/\/watersports-rhodes.com\/de\/wp-json\/wp\/v2\/product_brand?post=6897"},{"taxonomy":"product_cat","embeddable":true,"href":"https:\/\/watersports-rhodes.com\/de\/wp-json\/wp\/v2\/product_cat?post=6897"},{"taxonomy":"product_tag","embeddable":true,"href":"https:\/\/watersports-rhodes.com\/de\/wp-json\/wp\/v2\/product_tag?post=6897"}],"curies":[{"name":"wp","href":"https:\/\/api.w.org\/{rel}","templated":true}]}}