{"id":6978,"date":"2024-01-04T10:40:34","date_gmt":"2024-01-04T09:40:34","guid":{"rendered":"http:\/\/s986445558.online.de\/centre-de-sports-nautiques-de-kiotari\/"},"modified":"2024-01-28T21:57:45","modified_gmt":"2024-01-28T20:57:45","slug":"centre-de-sports-nautiques-de-kiotari","status":"publish","type":"page","link":"https:\/\/watersports-rhodes.com\/fr\/centre-de-sports-nautiques-de-kiotari\/","title":{"rendered":"Centre de sports nautiques de Kiotari"},"content":{"rendered":"<h6>Le centre de sports nautiques de Kiotari<\/h6>\n<p>Le centre de sports nautiques Kiotari, situ\u00e9 sur la c\u00f4te est de l&rsquo;\u00eele grecque de Rhodes, a \u00e9t\u00e9 fond\u00e9 en 1997 par Michaela et Burkhard Post. Depuis, il n&rsquo;a cess\u00e9 de s&rsquo;agrandir et de se moderniser. Entre-temps, le centre de sports nautiques est devenu l&rsquo;un des plus professionnels du genre et offre un grand choix d&rsquo;activit\u00e9s sur l&rsquo;eau&#8230;.<\/p>\n<p>Des collaborateurs multilingues et engag\u00e9s, form\u00e9s et contr\u00f4l\u00e9s par des associations professionnelles de renomm\u00e9e internationale, garantissent un niveau \u00e9lev\u00e9 de s\u00e9curit\u00e9 et de professionnalisme. Pour en savoir plus sur nos offres, veuillez cliquer sur les activit\u00e9s correspondantes.<\/p>\n<p>Les passionn\u00e9s de voile, ou ceux qui souhaitent le devenir, trouveront aupr\u00e8s de notre soci\u00e9t\u00e9 s\u0153ur, <a href=\"https:\/\/yara-yachting.com\" target=\"_blank\" rel=\"noopener\">Watersportcenter Kiotari<\/a>, les offres correspondantes pour des locations \u00e0 la journ\u00e9e ou \u00e0 la semaine sur l&rsquo;un de nos voiliers.<\/p>\n<p>Nous nous r\u00e9jouissons de votre visite<\/p>\n<p>\t\t\t\t\t\t\t<a href=\"https:\/\/watersports-rhodes.com\/wp-content\/uploads\/2023\/12\/Station-1.png\" data-elementor-open-lightbox=\"yes\" data-elementor-lightbox-slideshow=\"f3c05f3\" data-elementor-lightbox-title=\"Station 1\" data-e-action-hash=\"#elementor-action%3Aaction%3Dlightbox%26settings%3DeyJpZCI6NTE1MCwidXJsIjoiaHR0cDpcL1wvczk4NjQ0NTU1OC5vbmxpbmUuZGVcL3dwLWNvbnRlbnRcL3VwbG9hZHNcLzIwMjNcLzEyXC9TdGF0aW9uLTEucG5nIiwic2xpZGVzaG93IjoiZjNjMDVmMyJ9\"><br \/>\n\t\t\t\t\t\t\t\t\t\t\t\t\t\t<\/a><br \/>\n\t\t\t\t\t\t\t<a href=\"https:\/\/watersports-rhodes.com\/wp-content\/uploads\/2023\/12\/Station-2.png\" data-elementor-open-lightbox=\"yes\" data-elementor-lightbox-slideshow=\"f3c05f3\" data-elementor-lightbox-title=\"Station 2\" data-e-action-hash=\"#elementor-action%3Aaction%3Dlightbox%26settings%3DeyJpZCI6NTE1NCwidXJsIjoiaHR0cDpcL1wvczk4NjQ0NTU1OC5vbmxpbmUuZGVcL3dwLWNvbnRlbnRcL3VwbG9hZHNcLzIwMjNcLzEyXC9TdGF0aW9uLTIucG5nIiwic2xpZGVzaG93IjoiZjNjMDVmMyJ9\"><br \/>\n\t\t\t\t\t\t\t\t\t\t\t\t\t\t<\/a><\/p>\n","protected":false},"excerpt":{"rendered":"<p>Le centre de sports nautiques de Kiotari Le centre de sports nautiques Kiotari, situ\u00e9 sur la c\u00f4te est de l&rsquo;\u00eele grecque de Rhodes, a \u00e9t\u00e9 fond\u00e9 en 1997 par Michaela et Burkhard Post. Depuis, il n&rsquo;a cess\u00e9 de s&rsquo;agrandir et de se moderniser. Entre-temps, le centre de sports nautiques est devenu l&rsquo;un des plus professionnels [&hellip;]<\/p>\n","protected":false},"author":7,"featured_media":0,"parent":0,"menu_order":0,"comment_status":"closed","ping_status":"closed","template":"","meta":{"site-sidebar-layout":"no-sidebar","site-content-layout":"page-builder","ast-site-content-layout":"default","site-content-style":"default","site-sidebar-style":"default","ast-global-header-display":"","ast-banner-title-visibility":"","ast-main-header-display":"","ast-hfb-above-header-display":"","ast-hfb-below-header-display":"","ast-hfb-mobile-header-display":"","site-post-title":"disabled","ast-breadcrumbs-content":"","ast-featured-img":"disabled","footer-sml-layout":"","ast-disable-related-posts":"","theme-transparent-header-meta":"","adv-header-id-meta":"","stick-header-meta":"","header-above-stick-meta":"","header-main-stick-meta":"","header-below-stick-meta":"","astra-migrate-meta-layouts":"default","ast-page-background-enabled":"default","ast-page-background-meta":{"desktop":{"background-color":"var(--ast-global-color-4)","background-image":"","background-repeat":"repeat","background-position":"center center","background-size":"auto","background-attachment":"scroll","background-type":"","background-media":"","overlay-type":"","overlay-color":"","overlay-opacity":"","overlay-gradient":""},"tablet":{"background-color":"","background-image":"","background-repeat":"repeat","background-position":"center center","background-size":"auto","background-attachment":"scroll","background-type":"","background-media":"","overlay-type":"","overlay-color":"","overlay-opacity":"","overlay-gradient":""},"mobile":{"background-color":"","background-image":"","background-repeat":"repeat","background-position":"center center","background-size":"auto","background-attachment":"scroll","background-type":"","background-media":"","overlay-type":"","overlay-color":"","overlay-opacity":"","overlay-gradient":""}},"ast-content-background-meta":{"desktop":{"background-color":"var(--ast-global-color-5)","background-image":"","background-repeat":"repeat","background-position":"center center","background-size":"auto","background-attachment":"scroll","background-type":"","background-media":"","overlay-type":"","overlay-color":"","overlay-opacity":"","overlay-gradient":""},"tablet":{"background-color":"var(--ast-global-color-5)","background-image":"","background-repeat":"repeat","background-position":"center center","background-size":"auto","background-attachment":"scroll","background-type":"","background-media":"","overlay-type":"","overlay-color":"","overlay-opacity":"","overlay-gradient":""},"mobile":{"background-color":"var(--ast-global-color-5)","background-image":"","background-repeat":"repeat","background-position":"center center","background-size":"auto","background-attachment":"scroll","background-type":"","background-media":"","overlay-type":"","overlay-color":"","overlay-opacity":"","overlay-gradient":""}},"footnotes":""},"class_list":["post-6978","page","type-page","status-publish","hentry"],"yoast_head":"<!-- This site is optimized with the Yoast SEO plugin v27.1.1 - https:\/\/yoast.com\/product\/yoast-seo-wordpress\/ -->\n<title>Sports nautiques Rhodes | Location de bateaux \u00e0 moteur<\/title>\n<meta name=\"description\" content=\"Louer un bateau \u00e0 moteur \u00e0 Rhodes sur la c\u00f4te est de la mer \u00c9g\u00e9e\" \/>\n<meta name=\"robots\" content=\"index, follow, max-snippet:-1, max-image-preview:large, max-video-preview:-1\" \/>\n<link rel=\"canonical\" href=\"https:\/\/watersports-rhodes.com\/fr\/centre-de-sports-nautiques-de-kiotari\/\" \/>\n<meta property=\"og:locale\" content=\"fr_FR\" \/>\n<meta property=\"og:type\" content=\"article\" \/>\n<meta property=\"og:title\" content=\"Sports nautiques Rhodes | Location de bateaux \u00e0 moteur\" \/>\n<meta property=\"og:description\" content=\"Louer un bateau \u00e0 moteur \u00e0 Rhodes sur la c\u00f4te est de la mer \u00c9g\u00e9e\" \/>\n<meta property=\"og:url\" content=\"https:\/\/watersports-rhodes.com\/fr\/centre-de-sports-nautiques-de-kiotari\/\" \/>\n<meta property=\"og:site_name\" content=\"Watersports Rhodes\" \/>\n<meta property=\"article:modified_time\" content=\"2024-01-28T20:57:45+00:00\" \/>\n<meta name=\"twitter:card\" content=\"summary_large_image\" \/>\n<meta name=\"twitter:label1\" content=\"Dur\u00e9e de lecture estim\u00e9e\" \/>\n\t<meta name=\"twitter:data1\" content=\"1 minute\" \/>\n<script type=\"application\/ld+json\" class=\"yoast-schema-graph\">{\"@context\":\"https:\/\/schema.org\",\"@graph\":[{\"@type\":\"WebPage\",\"@id\":\"https:\/\/watersports-rhodes.com\/fr\/centre-de-sports-nautiques-de-kiotari\/\",\"url\":\"https:\/\/watersports-rhodes.com\/fr\/centre-de-sports-nautiques-de-kiotari\/\",\"name\":\"Sports nautiques Rhodes | Location de bateaux \u00e0 moteur\",\"isPartOf\":{\"@id\":\"https:\/\/watersports-rhodes.com\/fr\/#website\"},\"datePublished\":\"2024-01-04T09:40:34+00:00\",\"dateModified\":\"2024-01-28T20:57:45+00:00\",\"description\":\"Louer un bateau \u00e0 moteur \u00e0 Rhodes sur la c\u00f4te est de la mer \u00c9g\u00e9e\",\"breadcrumb\":{\"@id\":\"https:\/\/watersports-rhodes.com\/fr\/centre-de-sports-nautiques-de-kiotari\/#breadcrumb\"},\"inLanguage\":\"fr-FR\",\"potentialAction\":[{\"@type\":\"ReadAction\",\"target\":[\"https:\/\/watersports-rhodes.com\/fr\/centre-de-sports-nautiques-de-kiotari\/\"]}]},{\"@type\":\"BreadcrumbList\",\"@id\":\"https:\/\/watersports-rhodes.com\/fr\/centre-de-sports-nautiques-de-kiotari\/#breadcrumb\",\"itemListElement\":[{\"@type\":\"ListItem\",\"position\":1,\"name\":\"Home\",\"item\":\"https:\/\/watersports-rhodes.com\/fr\/water-sports-sailing-motor-yachting-in-kiotari-rhodos\/\"},{\"@type\":\"ListItem\",\"position\":2,\"name\":\"Centre de sports nautiques de Kiotari\"}]},{\"@type\":\"WebSite\",\"@id\":\"https:\/\/watersports-rhodes.com\/fr\/#website\",\"url\":\"https:\/\/watersports-rhodes.com\/fr\/\",\"name\":\"Watersports Rhodes\",\"description\":\"Watersports, motorboot, glass bottom boat\",\"publisher\":{\"@id\":\"https:\/\/watersports-rhodes.com\/fr\/#organization\"},\"potentialAction\":[{\"@type\":\"SearchAction\",\"target\":{\"@type\":\"EntryPoint\",\"urlTemplate\":\"https:\/\/watersports-rhodes.com\/fr\/?s={search_term_string}\"},\"query-input\":{\"@type\":\"PropertyValueSpecification\",\"valueRequired\":true,\"valueName\":\"search_term_string\"}}],\"inLanguage\":\"fr-FR\"},{\"@type\":\"Organization\",\"@id\":\"https:\/\/watersports-rhodes.com\/fr\/#organization\",\"name\":\"Watersports Rhodes\",\"url\":\"https:\/\/watersports-rhodes.com\/fr\/\",\"logo\":{\"@type\":\"ImageObject\",\"inLanguage\":\"fr-FR\",\"@id\":\"https:\/\/watersports-rhodes.com\/fr\/#\/schema\/logo\/image\/\",\"url\":\"https:\/\/watersports-rhodes.com\/wp-content\/uploads\/2023\/12\/logo-watersports-rhodes-1.png\",\"contentUrl\":\"https:\/\/watersports-rhodes.com\/wp-content\/uploads\/2023\/12\/logo-watersports-rhodes-1.png\",\"width\":620,\"height\":300,\"caption\":\"Watersports Rhodes\"},\"image\":{\"@id\":\"https:\/\/watersports-rhodes.com\/fr\/#\/schema\/logo\/image\/\"}}]}<\/script>\n<!-- \/ Yoast SEO plugin. -->","yoast_head_json":{"title":"Sports nautiques Rhodes | Location de bateaux \u00e0 moteur","description":"Louer un bateau \u00e0 moteur \u00e0 Rhodes sur la c\u00f4te est de la mer \u00c9g\u00e9e","robots":{"index":"index","follow":"follow","max-snippet":"max-snippet:-1","max-image-preview":"max-image-preview:large","max-video-preview":"max-video-preview:-1"},"canonical":"https:\/\/watersports-rhodes.com\/fr\/centre-de-sports-nautiques-de-kiotari\/","og_locale":"fr_FR","og_type":"article","og_title":"Sports nautiques Rhodes | Location de bateaux \u00e0 moteur","og_description":"Louer un bateau \u00e0 moteur \u00e0 Rhodes sur la c\u00f4te est de la mer \u00c9g\u00e9e","og_url":"https:\/\/watersports-rhodes.com\/fr\/centre-de-sports-nautiques-de-kiotari\/","og_site_name":"Watersports Rhodes","article_modified_time":"2024-01-28T20:57:45+00:00","twitter_card":"summary_large_image","twitter_misc":{"Dur\u00e9e de lecture estim\u00e9e":"1 minute"},"schema":{"@context":"https:\/\/schema.org","@graph":[{"@type":"WebPage","@id":"https:\/\/watersports-rhodes.com\/fr\/centre-de-sports-nautiques-de-kiotari\/","url":"https:\/\/watersports-rhodes.com\/fr\/centre-de-sports-nautiques-de-kiotari\/","name":"Sports nautiques Rhodes | Location de bateaux \u00e0 moteur","isPartOf":{"@id":"https:\/\/watersports-rhodes.com\/fr\/#website"},"datePublished":"2024-01-04T09:40:34+00:00","dateModified":"2024-01-28T20:57:45+00:00","description":"Louer un bateau \u00e0 moteur \u00e0 Rhodes sur la c\u00f4te est de la mer \u00c9g\u00e9e","breadcrumb":{"@id":"https:\/\/watersports-rhodes.com\/fr\/centre-de-sports-nautiques-de-kiotari\/#breadcrumb"},"inLanguage":"fr-FR","potentialAction":[{"@type":"ReadAction","target":["https:\/\/watersports-rhodes.com\/fr\/centre-de-sports-nautiques-de-kiotari\/"]}]},{"@type":"BreadcrumbList","@id":"https:\/\/watersports-rhodes.com\/fr\/centre-de-sports-nautiques-de-kiotari\/#breadcrumb","itemListElement":[{"@type":"ListItem","position":1,"name":"Home","item":"https:\/\/watersports-rhodes.com\/fr\/water-sports-sailing-motor-yachting-in-kiotari-rhodos\/"},{"@type":"ListItem","position":2,"name":"Centre de sports nautiques de Kiotari"}]},{"@type":"WebSite","@id":"https:\/\/watersports-rhodes.com\/fr\/#website","url":"https:\/\/watersports-rhodes.com\/fr\/","name":"Watersports Rhodes","description":"Watersports, motorboot, glass bottom boat","publisher":{"@id":"https:\/\/watersports-rhodes.com\/fr\/#organization"},"potentialAction":[{"@type":"SearchAction","target":{"@type":"EntryPoint","urlTemplate":"https:\/\/watersports-rhodes.com\/fr\/?s={search_term_string}"},"query-input":{"@type":"PropertyValueSpecification","valueRequired":true,"valueName":"search_term_string"}}],"inLanguage":"fr-FR"},{"@type":"Organization","@id":"https:\/\/watersports-rhodes.com\/fr\/#organization","name":"Watersports Rhodes","url":"https:\/\/watersports-rhodes.com\/fr\/","logo":{"@type":"ImageObject","inLanguage":"fr-FR","@id":"https:\/\/watersports-rhodes.com\/fr\/#\/schema\/logo\/image\/","url":"https:\/\/watersports-rhodes.com\/wp-content\/uploads\/2023\/12\/logo-watersports-rhodes-1.png","contentUrl":"https:\/\/watersports-rhodes.com\/wp-content\/uploads\/2023\/12\/logo-watersports-rhodes-1.png","width":620,"height":300,"caption":"Watersports Rhodes"},"image":{"@id":"https:\/\/watersports-rhodes.com\/fr\/#\/schema\/logo\/image\/"}}]}},"_links":{"self":[{"href":"https:\/\/watersports-rhodes.com\/fr\/wp-json\/wp\/v2\/pages\/6978","targetHints":{"allow":["GET"]}}],"collection":[{"href":"https:\/\/watersports-rhodes.com\/fr\/wp-json\/wp\/v2\/pages"}],"about":[{"href":"https:\/\/watersports-rhodes.com\/fr\/wp-json\/wp\/v2\/types\/page"}],"author":[{"embeddable":true,"href":"https:\/\/watersports-rhodes.com\/fr\/wp-json\/wp\/v2\/users\/7"}],"replies":[{"embeddable":true,"href":"https:\/\/watersports-rhodes.com\/fr\/wp-json\/wp\/v2\/comments?post=6978"}],"version-history":[{"count":1,"href":"https:\/\/watersports-rhodes.com\/fr\/wp-json\/wp\/v2\/pages\/6978\/revisions"}],"predecessor-version":[{"id":6979,"href":"https:\/\/watersports-rhodes.com\/fr\/wp-json\/wp\/v2\/pages\/6978\/revisions\/6979"}],"wp:attachment":[{"href":"https:\/\/watersports-rhodes.com\/fr\/wp-json\/wp\/v2\/media?parent=6978"}],"curies":[{"name":"wp","href":"https:\/\/api.w.org\/{rel}","templated":true}]}}