{"id":6986,"date":"2023-12-21T19:17:51","date_gmt":"2023-12-21T18:17:51","guid":{"rendered":"http:\/\/s986445558.online.de\/partenaire\/"},"modified":"2024-04-06T15:38:51","modified_gmt":"2024-04-06T13:38:51","slug":"partenaire","status":"publish","type":"page","link":"https:\/\/watersports-rhodes.com\/fr\/partenaire\/","title":{"rendered":"Partenaire"},"content":{"rendered":"\t\t<div data-elementor-type=\"wp-page\" data-elementor-id=\"6986\" class=\"elementor elementor-6986 elementor-5395\" data-elementor-post-type=\"page\">\n\t\t\t\t\t\t<section class=\"elementor-section elementor-top-section elementor-element elementor-element-11b97c0 elementor-section-boxed elementor-section-height-default elementor-section-height-default\" data-id=\"11b97c0\" data-element_type=\"section\" data-e-type=\"section\" data-settings=\"{&quot;background_background&quot;:&quot;classic&quot;}\">\n\t\t\t\t\t\t<div class=\"elementor-container elementor-column-gap-default\">\n\t\t\t\t\t<div class=\"elementor-column elementor-col-100 elementor-top-column elementor-element elementor-element-e7a3c66\" data-id=\"e7a3c66\" data-element_type=\"column\" data-e-type=\"column\">\n\t\t\t<div class=\"elementor-widget-wrap elementor-element-populated\">\n\t\t\t\t\t\t<div class=\"elementor-element elementor-element-9a73f0d animated-slow elementor-invisible elementor-widget elementor-widget-heading\" data-id=\"9a73f0d\" data-element_type=\"widget\" data-e-type=\"widget\" data-settings=\"{&quot;_animation&quot;:&quot;fadeInDown&quot;,&quot;_animation_delay&quot;:500}\" data-widget_type=\"heading.default\">\n\t\t\t\t<div class=\"elementor-widget-container\">\n\t\t\t\t\t<h2 class=\"elementor-heading-title elementor-size-default\">Partenaire<\/h2>\t\t\t\t<\/div>\n\t\t\t\t<\/div>\n\t\t\t\t\t<\/div>\n\t\t<\/div>\n\t\t\t\t\t<\/div>\n\t\t<\/section>\n\t\t\t\t<section class=\"elementor-section elementor-top-section elementor-element elementor-element-f39540c elementor-section-boxed elementor-section-height-default elementor-section-height-default\" data-id=\"f39540c\" data-element_type=\"section\" data-e-type=\"section\">\n\t\t\t\t\t\t<div class=\"elementor-container elementor-column-gap-default\">\n\t\t\t\t\t<div class=\"elementor-column elementor-col-100 elementor-top-column elementor-element elementor-element-890417d\" data-id=\"890417d\" data-element_type=\"column\" data-e-type=\"column\">\n\t\t\t<div class=\"elementor-widget-wrap elementor-element-populated\">\n\t\t\t\t\t\t<div class=\"elementor-element elementor-element-25b27ba elementor-widget elementor-widget-text-editor\" data-id=\"25b27ba\" data-element_type=\"widget\" data-e-type=\"widget\" data-widget_type=\"text-editor.default\">\n\t\t\t\t<div class=\"elementor-widget-container\">\n\t\t\t\t\t\t\t\t\t<div class=\"main\">\n<ul id=\"partner\" class=\"list-group\">\n \t<li class=\"list-group-item\"><b>Association allemande des \u00e9coles de planche \u00e0 voile et de sports nautiques VDWS  <\/b>\n\n<a href=\"http:\/\/www.vdws.de\" target=\"_blank\" rel=\"noopener\">www.vdws.de<\/a><\/li>\n \t<li class=\"list-group-item\"><b>D\u00e9couvrez Rhodes avec Greeka  <\/b>\n\n<a href=\"http:\/\/www.greeka.com\/dodecanese\/rhodes\/\" target=\"_blank\" rel=\"nofollow noopener\">www.greeka.com\/dodecanese\/rhodes<\/a><\/li>\n \t<li class=\"list-group-item\"><b>H\u00f4tel Melenos, Lindos  <\/b>\n\n<a href=\"http:\/\/www.melenoslindos.com\" target=\"_blank\" rel=\"noopener\">www.melenoslindos.com<\/a><\/li>\n \t<li class=\"list-group-item\"><b>H\u00f4tel LindosBlu, Lindos  <\/b>\n\n<a href=\"http:\/\/www.lindosblu.gr\" target=\"_blank\" rel=\"noopener\">www.lindosblu.gr<\/a><\/li>\n \t<li>\n \t<\/li><li class=\"list-group-item\"><b>Lindos Destiny  <\/b>\n\nVillas de vacances et de mariage sur Rhodes\n\n<a href=\"https:\/\/www.lindosdestiny.com\/index.php?lang=en\" target=\"_blank\" rel=\"noopener\"><img decoding=\"async\" class=\"img-responsive\" src=\"\/wp-content\/uploads\/2023\/12\/lindos-destiny-logo.jpg%22\"><\/a>\n\n<a href=\"https:\/\/www.lindosdestiny.com\/index.php?lang=en\" target=\"_blank\" rel=\"noopener\">www.lindosdestiny.com<\/a><\/li>\n \t<li class=\"list-group-item\"><b>H\u00f4tel Rodos-Maris, H\u00f4tel Rodos-Village, Kiotari  <\/b>\n\n<a href=\"http:\/\/www.mitsishotels.com\" target=\"_blank\" rel=\"noopener\">www.mitsishotels.com<\/a><\/li>\n \t<li class=\"list-group-item\"><b>H\u00f4tel Rodos-Princess, Kiotari,  <\/b>\n\n<a href=\"http:\/\/www.rodosprincess.com\" target=\"_blank\" rel=\"noopener\">www.rodosprincess.com<\/a><\/li>\n \t<li class=\"list-group-item\"><b>Info sur Rhodes  <\/b>\n\n<a href=\"http:\/\/www.rhodos-info.de\" target=\"_blank\" rel=\"noopener\">www.rhodos-info.de<\/a><\/li>\n \t<li class=\"list-group-item\"><b>4 Elements, Lachania,  <\/b>\n\n<a href=\"http:\/\/www.thefourelements.be\" target=\"_blank\" rel=\"noopener\">www.thefourelements.be<\/a><\/li>\n \t<li class=\"list-group-item\"><b>L&rsquo;\u00eele de Rhodes  <\/b>\n\n<a href=\"http:\/\/www.rhodos.info\" target=\"_blank\" rel=\"noopener\">www.rhodos.info<\/a><\/li>\n \t<li class=\"list-group-item\"><b>Villas de luxe  <\/b>\n\n<a href=\"http:\/\/www.rhodesluxuryvilla.com\/\" target=\"_blank\" rel=\"noopener\">www.rhodesluxuryvilla.com<\/a><\/li>\n \t<li class=\"list-group-item\"><b>Portail de voyage de Rhodes avec des offres forfaitaires et de nombreuses informations sur l&rsquo;\u00eele<\/b>\n\n<a href=\"http:\/\/www.insel-rhodos-urlaub.de\" target=\"_blank\" rel=\"noopener\">Portail de voyage<\/a><\/li>\n<\/ul>\n<\/div>\t\t\t\t\t\t\t\t<\/div>\n\t\t\t\t<\/div>\n\t\t\t\t\t<\/div>\n\t\t<\/div>\n\t\t\t\t\t<\/div>\n\t\t<\/section>\n\t\t\t\t<\/div>\n\t\t","protected":false},"excerpt":{"rendered":"<p>Partenaire Association allemande des \u00e9coles de planche \u00e0 voile et de sports nautiques VDWS www.vdws.de D\u00e9couvrez Rhodes avec Greeka www.greeka.com\/dodecanese\/rhodes H\u00f4tel Melenos, Lindos www.melenoslindos.com H\u00f4tel LindosBlu, Lindos www.lindosblu.gr Lindos Destiny Villas de vacances et de mariage sur Rhodes www.lindosdestiny.com H\u00f4tel Rodos-Maris, H\u00f4tel Rodos-Village, Kiotari www.mitsishotels.com H\u00f4tel Rodos-Princess, Kiotari, www.rodosprincess.com Info sur Rhodes www.rhodos-info.de 4 Elements, [&hellip;]<\/p>\n","protected":false},"author":7,"featured_media":0,"parent":0,"menu_order":0,"comment_status":"closed","ping_status":"closed","template":"","meta":{"site-sidebar-layout":"no-sidebar","site-content-layout":"page-builder","ast-site-content-layout":"default","site-content-style":"default","site-sidebar-style":"default","ast-global-header-display":"","ast-banner-title-visibility":"","ast-main-header-display":"","ast-hfb-above-header-display":"","ast-hfb-below-header-display":"","ast-hfb-mobile-header-display":"","site-post-title":"disabled","ast-breadcrumbs-content":"","ast-featured-img":"disabled","footer-sml-layout":"","ast-disable-related-posts":"","theme-transparent-header-meta":"","adv-header-id-meta":"","stick-header-meta":"","header-above-stick-meta":"","header-main-stick-meta":"","header-below-stick-meta":"","astra-migrate-meta-layouts":"default","ast-page-background-enabled":"default","ast-page-background-meta":{"desktop":{"background-color":"var(--ast-global-color-4)","background-image":"","background-repeat":"repeat","background-position":"center center","background-size":"auto","background-attachment":"scroll","background-type":"","background-media":"","overlay-type":"","overlay-color":"","overlay-opacity":"","overlay-gradient":""},"tablet":{"background-color":"","background-image":"","background-repeat":"repeat","background-position":"center center","background-size":"auto","background-attachment":"scroll","background-type":"","background-media":"","overlay-type":"","overlay-color":"","overlay-opacity":"","overlay-gradient":""},"mobile":{"background-color":"","background-image":"","background-repeat":"repeat","background-position":"center center","background-size":"auto","background-attachment":"scroll","background-type":"","background-media":"","overlay-type":"","overlay-color":"","overlay-opacity":"","overlay-gradient":""}},"ast-content-background-meta":{"desktop":{"background-color":"var(--ast-global-color-5)","background-image":"","background-repeat":"repeat","background-position":"center center","background-size":"auto","background-attachment":"scroll","background-type":"","background-media":"","overlay-type":"","overlay-color":"","overlay-opacity":"","overlay-gradient":""},"tablet":{"background-color":"var(--ast-global-color-5)","background-image":"","background-repeat":"repeat","background-position":"center center","background-size":"auto","background-attachment":"scroll","background-type":"","background-media":"","overlay-type":"","overlay-color":"","overlay-opacity":"","overlay-gradient":""},"mobile":{"background-color":"var(--ast-global-color-5)","background-image":"","background-repeat":"repeat","background-position":"center center","background-size":"auto","background-attachment":"scroll","background-type":"","background-media":"","overlay-type":"","overlay-color":"","overlay-opacity":"","overlay-gradient":""}},"footnotes":""},"class_list":["post-6986","page","type-page","status-publish","hentry"],"yoast_head":"<!-- This site is optimized with the Yoast SEO plugin v27.1.1 - https:\/\/yoast.com\/product\/yoast-seo-wordpress\/ -->\n<title>Partenaires | Centre de sports nautiques Kiotari\/Rhodes<\/title>\n<meta name=\"robots\" content=\"index, follow, max-snippet:-1, max-image-preview:large, max-video-preview:-1\" \/>\n<link rel=\"canonical\" href=\"https:\/\/watersports-rhodes.com\/fr\/partenaire\/\" \/>\n<meta property=\"og:locale\" content=\"fr_FR\" \/>\n<meta property=\"og:type\" content=\"article\" \/>\n<meta property=\"og:title\" content=\"Partenaires | Centre de sports nautiques Kiotari\/Rhodes\" \/>\n<meta property=\"og:description\" content=\"Partenaire Association allemande des \u00e9coles de planche \u00e0 voile et de sports nautiques VDWS www.vdws.de D\u00e9couvrez Rhodes avec Greeka www.greeka.com\/dodecanese\/rhodes H\u00f4tel Melenos, Lindos www.melenoslindos.com H\u00f4tel LindosBlu, Lindos www.lindosblu.gr Lindos Destiny Villas de vacances et de mariage sur Rhodes www.lindosdestiny.com H\u00f4tel Rodos-Maris, H\u00f4tel Rodos-Village, Kiotari www.mitsishotels.com H\u00f4tel Rodos-Princess, Kiotari, www.rodosprincess.com Info sur Rhodes www.rhodos-info.de 4 Elements, [&hellip;]\" \/>\n<meta property=\"og:url\" content=\"https:\/\/watersports-rhodes.com\/fr\/partenaire\/\" \/>\n<meta property=\"og:site_name\" content=\"Watersports Rhodes\" \/>\n<meta property=\"article:modified_time\" content=\"2024-04-06T13:38:51+00:00\" \/>\n<meta name=\"twitter:card\" content=\"summary_large_image\" \/>\n<meta name=\"twitter:label1\" content=\"Dur\u00e9e de lecture estim\u00e9e\" \/>\n\t<meta name=\"twitter:data1\" content=\"1 minute\" \/>\n<script type=\"application\/ld+json\" class=\"yoast-schema-graph\">{\"@context\":\"https:\/\/schema.org\",\"@graph\":[{\"@type\":\"WebPage\",\"@id\":\"https:\/\/watersports-rhodes.com\/fr\/partenaire\/\",\"url\":\"https:\/\/watersports-rhodes.com\/fr\/partenaire\/\",\"name\":\"Partenaires | Centre de sports nautiques Kiotari\/Rhodes\",\"isPartOf\":{\"@id\":\"https:\/\/watersports-rhodes.com\/fr\/#website\"},\"datePublished\":\"2023-12-21T18:17:51+00:00\",\"dateModified\":\"2024-04-06T13:38:51+00:00\",\"breadcrumb\":{\"@id\":\"https:\/\/watersports-rhodes.com\/fr\/partenaire\/#breadcrumb\"},\"inLanguage\":\"fr-FR\",\"potentialAction\":[{\"@type\":\"ReadAction\",\"target\":[\"https:\/\/watersports-rhodes.com\/fr\/partenaire\/\"]}]},{\"@type\":\"BreadcrumbList\",\"@id\":\"https:\/\/watersports-rhodes.com\/fr\/partenaire\/#breadcrumb\",\"itemListElement\":[{\"@type\":\"ListItem\",\"position\":1,\"name\":\"Home\",\"item\":\"https:\/\/watersports-rhodes.com\/fr\/water-sports-sailing-motor-yachting-in-kiotari-rhodos\/\"},{\"@type\":\"ListItem\",\"position\":2,\"name\":\"Partenaire\"}]},{\"@type\":\"WebSite\",\"@id\":\"https:\/\/watersports-rhodes.com\/fr\/#website\",\"url\":\"https:\/\/watersports-rhodes.com\/fr\/\",\"name\":\"Watersports Rhodes\",\"description\":\"Watersports, motorboot, glass bottom boat\",\"publisher\":{\"@id\":\"https:\/\/watersports-rhodes.com\/fr\/#organization\"},\"potentialAction\":[{\"@type\":\"SearchAction\",\"target\":{\"@type\":\"EntryPoint\",\"urlTemplate\":\"https:\/\/watersports-rhodes.com\/fr\/?s={search_term_string}\"},\"query-input\":{\"@type\":\"PropertyValueSpecification\",\"valueRequired\":true,\"valueName\":\"search_term_string\"}}],\"inLanguage\":\"fr-FR\"},{\"@type\":\"Organization\",\"@id\":\"https:\/\/watersports-rhodes.com\/fr\/#organization\",\"name\":\"Watersports Rhodes\",\"url\":\"https:\/\/watersports-rhodes.com\/fr\/\",\"logo\":{\"@type\":\"ImageObject\",\"inLanguage\":\"fr-FR\",\"@id\":\"https:\/\/watersports-rhodes.com\/fr\/#\/schema\/logo\/image\/\",\"url\":\"https:\/\/watersports-rhodes.com\/wp-content\/uploads\/2023\/12\/logo-watersports-rhodes-1.png\",\"contentUrl\":\"https:\/\/watersports-rhodes.com\/wp-content\/uploads\/2023\/12\/logo-watersports-rhodes-1.png\",\"width\":620,\"height\":300,\"caption\":\"Watersports Rhodes\"},\"image\":{\"@id\":\"https:\/\/watersports-rhodes.com\/fr\/#\/schema\/logo\/image\/\"}}]}<\/script>\n<!-- \/ Yoast SEO plugin. -->","yoast_head_json":{"title":"Partenaires | Centre de sports nautiques Kiotari\/Rhodes","robots":{"index":"index","follow":"follow","max-snippet":"max-snippet:-1","max-image-preview":"max-image-preview:large","max-video-preview":"max-video-preview:-1"},"canonical":"https:\/\/watersports-rhodes.com\/fr\/partenaire\/","og_locale":"fr_FR","og_type":"article","og_title":"Partenaires | Centre de sports nautiques Kiotari\/Rhodes","og_description":"Partenaire Association allemande des \u00e9coles de planche \u00e0 voile et de sports nautiques VDWS www.vdws.de D\u00e9couvrez Rhodes avec Greeka www.greeka.com\/dodecanese\/rhodes H\u00f4tel Melenos, Lindos www.melenoslindos.com H\u00f4tel LindosBlu, Lindos www.lindosblu.gr Lindos Destiny Villas de vacances et de mariage sur Rhodes www.lindosdestiny.com H\u00f4tel Rodos-Maris, H\u00f4tel Rodos-Village, Kiotari www.mitsishotels.com H\u00f4tel Rodos-Princess, Kiotari, www.rodosprincess.com Info sur Rhodes www.rhodos-info.de 4 Elements, [&hellip;]","og_url":"https:\/\/watersports-rhodes.com\/fr\/partenaire\/","og_site_name":"Watersports Rhodes","article_modified_time":"2024-04-06T13:38:51+00:00","twitter_card":"summary_large_image","twitter_misc":{"Dur\u00e9e de lecture estim\u00e9e":"1 minute"},"schema":{"@context":"https:\/\/schema.org","@graph":[{"@type":"WebPage","@id":"https:\/\/watersports-rhodes.com\/fr\/partenaire\/","url":"https:\/\/watersports-rhodes.com\/fr\/partenaire\/","name":"Partenaires | Centre de sports nautiques Kiotari\/Rhodes","isPartOf":{"@id":"https:\/\/watersports-rhodes.com\/fr\/#website"},"datePublished":"2023-12-21T18:17:51+00:00","dateModified":"2024-04-06T13:38:51+00:00","breadcrumb":{"@id":"https:\/\/watersports-rhodes.com\/fr\/partenaire\/#breadcrumb"},"inLanguage":"fr-FR","potentialAction":[{"@type":"ReadAction","target":["https:\/\/watersports-rhodes.com\/fr\/partenaire\/"]}]},{"@type":"BreadcrumbList","@id":"https:\/\/watersports-rhodes.com\/fr\/partenaire\/#breadcrumb","itemListElement":[{"@type":"ListItem","position":1,"name":"Home","item":"https:\/\/watersports-rhodes.com\/fr\/water-sports-sailing-motor-yachting-in-kiotari-rhodos\/"},{"@type":"ListItem","position":2,"name":"Partenaire"}]},{"@type":"WebSite","@id":"https:\/\/watersports-rhodes.com\/fr\/#website","url":"https:\/\/watersports-rhodes.com\/fr\/","name":"Watersports Rhodes","description":"Watersports, motorboot, glass bottom boat","publisher":{"@id":"https:\/\/watersports-rhodes.com\/fr\/#organization"},"potentialAction":[{"@type":"SearchAction","target":{"@type":"EntryPoint","urlTemplate":"https:\/\/watersports-rhodes.com\/fr\/?s={search_term_string}"},"query-input":{"@type":"PropertyValueSpecification","valueRequired":true,"valueName":"search_term_string"}}],"inLanguage":"fr-FR"},{"@type":"Organization","@id":"https:\/\/watersports-rhodes.com\/fr\/#organization","name":"Watersports Rhodes","url":"https:\/\/watersports-rhodes.com\/fr\/","logo":{"@type":"ImageObject","inLanguage":"fr-FR","@id":"https:\/\/watersports-rhodes.com\/fr\/#\/schema\/logo\/image\/","url":"https:\/\/watersports-rhodes.com\/wp-content\/uploads\/2023\/12\/logo-watersports-rhodes-1.png","contentUrl":"https:\/\/watersports-rhodes.com\/wp-content\/uploads\/2023\/12\/logo-watersports-rhodes-1.png","width":620,"height":300,"caption":"Watersports Rhodes"},"image":{"@id":"https:\/\/watersports-rhodes.com\/fr\/#\/schema\/logo\/image\/"}}]}},"_links":{"self":[{"href":"https:\/\/watersports-rhodes.com\/fr\/wp-json\/wp\/v2\/pages\/6986","targetHints":{"allow":["GET"]}}],"collection":[{"href":"https:\/\/watersports-rhodes.com\/fr\/wp-json\/wp\/v2\/pages"}],"about":[{"href":"https:\/\/watersports-rhodes.com\/fr\/wp-json\/wp\/v2\/types\/page"}],"author":[{"embeddable":true,"href":"https:\/\/watersports-rhodes.com\/fr\/wp-json\/wp\/v2\/users\/7"}],"replies":[{"embeddable":true,"href":"https:\/\/watersports-rhodes.com\/fr\/wp-json\/wp\/v2\/comments?post=6986"}],"version-history":[{"count":1,"href":"https:\/\/watersports-rhodes.com\/fr\/wp-json\/wp\/v2\/pages\/6986\/revisions"}],"predecessor-version":[{"id":6987,"href":"https:\/\/watersports-rhodes.com\/fr\/wp-json\/wp\/v2\/pages\/6986\/revisions\/6987"}],"wp:attachment":[{"href":"https:\/\/watersports-rhodes.com\/fr\/wp-json\/wp\/v2\/media?parent=6986"}],"curies":[{"name":"wp","href":"https:\/\/api.w.org\/{rel}","templated":true}]}}