{"id":7133,"date":"2023-12-11T14:17:57","date_gmt":"2023-12-11T13:17:57","guid":{"rendered":"http:\/\/s986445558.online.de\/mentions-legales-2\/"},"modified":"2024-02-20T10:13:17","modified_gmt":"2024-02-20T09:13:17","slug":"mentions-legales","status":"publish","type":"page","link":"https:\/\/watersports-rhodes.com\/fr\/mentions-legales\/","title":{"rendered":"Mentions l\u00e9gales"},"content":{"rendered":"\t\t<div data-elementor-type=\"wp-page\" data-elementor-id=\"7133\" class=\"elementor elementor-7133 elementor-4991\" data-elementor-post-type=\"page\">\n\t\t\t\t\t\t<section class=\"elementor-section elementor-top-section elementor-element elementor-element-11b97c0 elementor-section-boxed elementor-section-height-default elementor-section-height-default\" data-id=\"11b97c0\" data-element_type=\"section\" data-e-type=\"section\" data-settings=\"{&quot;background_background&quot;:&quot;classic&quot;}\">\n\t\t\t\t\t\t<div class=\"elementor-container elementor-column-gap-default\">\n\t\t\t\t\t<div class=\"elementor-column elementor-col-100 elementor-top-column elementor-element elementor-element-e7a3c66\" data-id=\"e7a3c66\" data-element_type=\"column\" data-e-type=\"column\">\n\t\t\t<div class=\"elementor-widget-wrap elementor-element-populated\">\n\t\t\t\t\t\t<div class=\"elementor-element elementor-element-9a73f0d animated-slow elementor-invisible elementor-widget elementor-widget-heading\" data-id=\"9a73f0d\" data-element_type=\"widget\" data-e-type=\"widget\" data-settings=\"{&quot;_animation&quot;:&quot;fadeInDown&quot;,&quot;_animation_delay&quot;:500}\" data-widget_type=\"heading.default\">\n\t\t\t\t<div class=\"elementor-widget-container\">\n\t\t\t\t\t<h2 class=\"elementor-heading-title elementor-size-default\">Mentions l\u00e9gales<\/h2>\t\t\t\t<\/div>\n\t\t\t\t<\/div>\n\t\t\t\t\t<\/div>\n\t\t<\/div>\n\t\t\t\t\t<\/div>\n\t\t<\/section>\n\t\t\t\t<section class=\"elementor-section elementor-top-section elementor-element elementor-element-f39540c elementor-section-boxed elementor-section-height-default elementor-section-height-default\" data-id=\"f39540c\" data-element_type=\"section\" data-e-type=\"section\">\n\t\t\t\t\t\t<div class=\"elementor-container elementor-column-gap-default\">\n\t\t\t\t\t<div class=\"elementor-column elementor-col-100 elementor-top-column elementor-element elementor-element-890417d\" data-id=\"890417d\" data-element_type=\"column\" data-e-type=\"column\">\n\t\t\t<div class=\"elementor-widget-wrap elementor-element-populated\">\n\t\t\t\t\t\t<div class=\"elementor-element elementor-element-0c2366a elementor-widget elementor-widget-heading\" data-id=\"0c2366a\" data-element_type=\"widget\" data-e-type=\"widget\" data-widget_type=\"heading.default\">\n\t\t\t\t<div class=\"elementor-widget-container\">\n\t\t\t\t\t<h4 class=\"elementor-heading-title elementor-size-default\">Contact<\/h4>\t\t\t\t<\/div>\n\t\t\t\t<\/div>\n\t\t\t\t<div class=\"elementor-element elementor-element-0279725 elementor-widget elementor-widget-text-editor\" data-id=\"0279725\" data-element_type=\"widget\" data-e-type=\"widget\" data-widget_type=\"text-editor.default\">\n\t\t\t\t<div class=\"elementor-widget-container\">\n\t\t\t\t\t\t\t\t\t<p>M. Burkhard Post<br \/>Portable 0049-(0)172-6824835<br \/>Email info@wassersport-rhodos .de<\/p>\n\t\t\t\t\t\t\t\t<\/div>\n\t\t\t\t<\/div>\n\t\t\t\t<div class=\"elementor-element elementor-element-cfada38 elementor-widget elementor-widget-heading\" data-id=\"cfada38\" data-element_type=\"widget\" data-e-type=\"widget\" data-widget_type=\"heading.default\">\n\t\t\t\t<div class=\"elementor-widget-container\">\n\t\t\t\t\t<h4 class=\"elementor-heading-title elementor-size-default\">Adresse en Gr\u00e8ce<\/h4>\t\t\t\t<\/div>\n\t\t\t\t<\/div>\n\t\t\t\t<div class=\"elementor-element elementor-element-25670bd elementor-widget elementor-widget-text-editor\" data-id=\"25670bd\" data-element_type=\"widget\" data-e-type=\"widget\" data-widget_type=\"text-editor.default\">\n\t\t\t\t<div class=\"elementor-widget-container\">\n\t\t\t\t\t\t\t\t\t<p>Centre de sports nautiques de Kiotari<br \/>H\u00f4tel Rodos-Maris<br \/>GR 85109 Kiotari<br \/>Rhodes<\/p>\n\t\t\t\t\t\t\t\t<\/div>\n\t\t\t\t<\/div>\n\t\t\t\t<div class=\"elementor-element elementor-element-5db33f6 elementor-widget elementor-widget-heading\" data-id=\"5db33f6\" data-element_type=\"widget\" data-e-type=\"widget\" data-widget_type=\"heading.default\">\n\t\t\t\t<div class=\"elementor-widget-container\">\n\t\t\t\t\t<h4 class=\"elementor-heading-title elementor-size-default\">Contact<\/h4>\t\t\t\t<\/div>\n\t\t\t\t<\/div>\n\t\t\t\t<div class=\"elementor-element elementor-element-f695011 elementor-widget elementor-widget-text-editor\" data-id=\"f695011\" data-element_type=\"widget\" data-e-type=\"widget\" data-widget_type=\"text-editor.default\">\n\t\t\t\t<div class=\"elementor-widget-container\">\n\t\t\t\t\t\t\t\t\t<p>M. Burkhard Post<br \/>Portable 0030 694 645 54 58<br \/>Email info@wassersport-rhodos .de<\/p>\n\t\t\t\t\t\t\t\t<\/div>\n\t\t\t\t<\/div>\n\t\t\t\t<div class=\"elementor-element elementor-element-0fa8974 elementor-widget elementor-widget-heading\" data-id=\"0fa8974\" data-element_type=\"widget\" data-e-type=\"widget\" data-widget_type=\"heading.default\">\n\t\t\t\t<div class=\"elementor-widget-container\">\n\t\t\t\t\t<h4 class=\"elementor-heading-title elementor-size-default\">Adresse de facturation<\/h4>\t\t\t\t<\/div>\n\t\t\t\t<\/div>\n\t\t\t\t<div class=\"elementor-element elementor-element-5c387f4 elementor-widget elementor-widget-text-editor\" data-id=\"5c387f4\" data-element_type=\"widget\" data-e-type=\"widget\" data-widget_type=\"text-editor.default\">\n\t\t\t\t<div class=\"elementor-widget-container\">\n\t\t\t\t\t\t\t\t\t<p>Centre de sports nautiques de Kiotari<br \/>POST MPORK RAI<br \/>PARAL KIOTARI<br \/>GR 85109 GENNADI<br \/>RHODOS<br \/>Gr\u00e8ce<\/p>\n\t\t\t\t\t\t\t\t<\/div>\n\t\t\t\t<\/div>\n\t\t\t\t<div class=\"elementor-element elementor-element-4db3903 elementor-widget elementor-widget-heading\" data-id=\"4db3903\" data-element_type=\"widget\" data-e-type=\"widget\" data-widget_type=\"heading.default\">\n\t\t\t\t<div class=\"elementor-widget-container\">\n\t\t\t\t\t<h4 class=\"elementor-heading-title elementor-size-default\">Gestion<\/h4>\t\t\t\t<\/div>\n\t\t\t\t<\/div>\n\t\t\t\t<div class=\"elementor-element elementor-element-e92bf9f elementor-widget elementor-widget-text-editor\" data-id=\"e92bf9f\" data-element_type=\"widget\" data-e-type=\"widget\" data-widget_type=\"text-editor.default\">\n\t\t\t\t<div class=\"elementor-widget-container\">\n\t\t\t\t\t\t\t\t\t<p>M. Burkhard Post<\/p>\n\t\t\t\t\t\t\t\t<\/div>\n\t\t\t\t<\/div>\n\t\t\t\t<div class=\"elementor-element elementor-element-54c565e elementor-widget elementor-widget-heading\" data-id=\"54c565e\" data-element_type=\"widget\" data-e-type=\"widget\" data-widget_type=\"heading.default\">\n\t\t\t\t<div class=\"elementor-widget-container\">\n\t\t\t\t\t<h4 class=\"elementor-heading-title elementor-size-default\">Contact pour la protection des donn\u00e9es<\/h4>\t\t\t\t<\/div>\n\t\t\t\t<\/div>\n\t\t\t\t<div class=\"elementor-element elementor-element-ea58d2a elementor-widget elementor-widget-text-editor\" data-id=\"ea58d2a\" data-element_type=\"widget\" data-e-type=\"widget\" data-widget_type=\"text-editor.default\">\n\t\t\t\t<div class=\"elementor-widget-container\">\n\t\t\t\t\t\t\t\t\t<p>M. Burkhard Post<\/p>\n\t\t\t\t\t\t\t\t<\/div>\n\t\t\t\t<\/div>\n\t\t\t\t<div class=\"elementor-element elementor-element-fcb1328 elementor-widget elementor-widget-heading\" data-id=\"fcb1328\" data-element_type=\"widget\" data-e-type=\"widget\" data-widget_type=\"heading.default\">\n\t\t\t\t<div class=\"elementor-widget-container\">\n\t\t\t\t\t<h4 class=\"elementor-heading-title elementor-size-default\">TVA<\/h4>\t\t\t\t<\/div>\n\t\t\t\t<\/div>\n\t\t\t\t<div class=\"elementor-element elementor-element-e2c29fe elementor-widget elementor-widget-text-editor\" data-id=\"e2c29fe\" data-element_type=\"widget\" data-e-type=\"widget\" data-widget_type=\"text-editor.default\">\n\t\t\t\t<div class=\"elementor-widget-container\">\n\t\t\t\t\t\t\t\t\t<p>EL 028 94 51 46<\/p>\n<p>GEMH 71 552 72 0000<\/p>\n\t\t\t\t\t\t\t\t<\/div>\n\t\t\t\t<\/div>\n\t\t\t\t<div class=\"elementor-element elementor-element-6033c4f elementor-widget elementor-widget-text-editor\" data-id=\"6033c4f\" data-element_type=\"widget\" data-e-type=\"widget\" data-widget_type=\"text-editor.default\">\n\t\t\t\t<div class=\"elementor-widget-container\">\n\t\t\t\t\t\t\t\t\t<h4>Clause de non-responsabilit\u00e9<\/h4>\n<p>L&rsquo;auteur se r\u00e9serve le droit de ne pas \u00eatre tenu responsable de l&rsquo;actualit\u00e9, de l&rsquo;exactitude, de l&rsquo;exhaustivit\u00e9 ou de la qualit\u00e9 des informations fournies. Toute demande de responsabilit\u00e9 concernant des dommages caus\u00e9s par l&rsquo;utilisation de toute information fournie, y compris toute information qui est incompl\u00e8te ou incorrecte, sera donc rejet\u00e9e. Toutes les offres sont sans engagement et sans obligation. Des parties des pages ou la publication compl\u00e8te, y compris toutes les offres et informations, peuvent \u00eatre \u00e9tendues, modifi\u00e9es ou supprim\u00e9es en partie ou en totalit\u00e9 par l&rsquo;auteur sans notification s\u00e9par\u00e9e.<\/p>\n<p>Si le contenu ou la conception de ces sites porte atteinte aux droits de tiers ou aux dispositions l\u00e9gales, nous vous demandons de nous en informer au pr\u00e9alable sans frais. Nous garantissons que le contenu ou le design dont vous vous plaignez sera imm\u00e9diatement supprim\u00e9 si votre plainte est justifi\u00e9e, sans que vous ayez besoin de faire appel \u00e0 un avocat. N\u00e9anmoins, si nous recevons une facture de votre part (ou d&rsquo;un avocat) sans contact pr\u00e9alable, nous la rejetterons et d\u00e9poserons une contre-r\u00e9clamation pour violation desdites dispositions.<\/p>\n\t\t\t\t\t\t\t\t<\/div>\n\t\t\t\t<\/div>\n\t\t\t\t\t<\/div>\n\t\t<\/div>\n\t\t\t\t\t<\/div>\n\t\t<\/section>\n\t\t\t\t<\/div>\n\t\t","protected":false},"excerpt":{"rendered":"<p>Mentions l\u00e9gales Contact M. Burkhard PostPortable 0049-(0)172-6824835Email info@wassersport-rhodos .de Adresse en Gr\u00e8ce Centre de sports nautiques de KiotariH\u00f4tel Rodos-MarisGR 85109 KiotariRhodes Contact M. Burkhard PostPortable 0030 694 645 54 58Email info@wassersport-rhodos .de Adresse de facturation Centre de sports nautiques de KiotariPOST MPORK RAIPARAL KIOTARIGR 85109 GENNADIRHODOSGr\u00e8ce Gestion M. Burkhard Post Contact pour la protection des [&hellip;]<\/p>\n","protected":false},"author":7,"featured_media":0,"parent":0,"menu_order":0,"comment_status":"closed","ping_status":"closed","template":"","meta":{"site-sidebar-layout":"no-sidebar","site-content-layout":"page-builder","ast-site-content-layout":"default","site-content-style":"default","site-sidebar-style":"default","ast-global-header-display":"","ast-banner-title-visibility":"","ast-main-header-display":"","ast-hfb-above-header-display":"","ast-hfb-below-header-display":"","ast-hfb-mobile-header-display":"","site-post-title":"disabled","ast-breadcrumbs-content":"","ast-featured-img":"disabled","footer-sml-layout":"","ast-disable-related-posts":"","theme-transparent-header-meta":"","adv-header-id-meta":"","stick-header-meta":"","header-above-stick-meta":"","header-main-stick-meta":"","header-below-stick-meta":"","astra-migrate-meta-layouts":"default","ast-page-background-enabled":"default","ast-page-background-meta":{"desktop":{"background-color":"var(--ast-global-color-4)","background-image":"","background-repeat":"repeat","background-position":"center center","background-size":"auto","background-attachment":"scroll","background-type":"","background-media":"","overlay-type":"","overlay-color":"","overlay-opacity":"","overlay-gradient":""},"tablet":{"background-color":"","background-image":"","background-repeat":"repeat","background-position":"center center","background-size":"auto","background-attachment":"scroll","background-type":"","background-media":"","overlay-type":"","overlay-color":"","overlay-opacity":"","overlay-gradient":""},"mobile":{"background-color":"","background-image":"","background-repeat":"repeat","background-position":"center center","background-size":"auto","background-attachment":"scroll","background-type":"","background-media":"","overlay-type":"","overlay-color":"","overlay-opacity":"","overlay-gradient":""}},"ast-content-background-meta":{"desktop":{"background-color":"var(--ast-global-color-5)","background-image":"","background-repeat":"repeat","background-position":"center center","background-size":"auto","background-attachment":"scroll","background-type":"","background-media":"","overlay-type":"","overlay-color":"","overlay-opacity":"","overlay-gradient":""},"tablet":{"background-color":"var(--ast-global-color-5)","background-image":"","background-repeat":"repeat","background-position":"center center","background-size":"auto","background-attachment":"scroll","background-type":"","background-media":"","overlay-type":"","overlay-color":"","overlay-opacity":"","overlay-gradient":""},"mobile":{"background-color":"var(--ast-global-color-5)","background-image":"","background-repeat":"repeat","background-position":"center center","background-size":"auto","background-attachment":"scroll","background-type":"","background-media":"","overlay-type":"","overlay-color":"","overlay-opacity":"","overlay-gradient":""}},"footnotes":""},"class_list":["post-7133","page","type-page","status-publish","hentry"],"yoast_head":"<!-- This site is optimized with the Yoast SEO plugin v27.1.1 - https:\/\/yoast.com\/product\/yoast-seo-wordpress\/ -->\n<title>Sports nautiques \u00e0 Rhodes | Mentions l\u00e9gales<\/title>\n<meta name=\"robots\" content=\"index, follow, max-snippet:-1, max-image-preview:large, max-video-preview:-1\" \/>\n<link rel=\"canonical\" href=\"https:\/\/watersports-rhodes.com\/fr\/mentions-legales\/\" \/>\n<meta property=\"og:locale\" content=\"fr_FR\" \/>\n<meta property=\"og:type\" content=\"article\" \/>\n<meta property=\"og:title\" content=\"Sports nautiques \u00e0 Rhodes | Mentions l\u00e9gales\" \/>\n<meta property=\"og:description\" content=\"Mentions l\u00e9gales Contact M. Burkhard PostPortable 0049-(0)172-6824835Email info@wassersport-rhodos .de Adresse en Gr\u00e8ce Centre de sports nautiques de KiotariH\u00f4tel Rodos-MarisGR 85109 KiotariRhodes Contact M. Burkhard PostPortable 0030 694 645 54 58Email info@wassersport-rhodos .de Adresse de facturation Centre de sports nautiques de KiotariPOST MPORK RAIPARAL KIOTARIGR 85109 GENNADIRHODOSGr\u00e8ce Gestion M. Burkhard Post Contact pour la protection des [&hellip;]\" \/>\n<meta property=\"og:url\" content=\"https:\/\/watersports-rhodes.com\/fr\/mentions-legales\/\" \/>\n<meta property=\"og:site_name\" content=\"Watersports Rhodes\" \/>\n<meta property=\"article:modified_time\" content=\"2024-02-20T09:13:17+00:00\" \/>\n<meta name=\"twitter:card\" content=\"summary_large_image\" \/>\n<meta name=\"twitter:label1\" content=\"Dur\u00e9e de lecture estim\u00e9e\" \/>\n\t<meta name=\"twitter:data1\" content=\"1 minute\" \/>\n<script type=\"application\/ld+json\" class=\"yoast-schema-graph\">{\"@context\":\"https:\/\/schema.org\",\"@graph\":[{\"@type\":\"WebPage\",\"@id\":\"https:\/\/watersports-rhodes.com\/fr\/mentions-legales\/\",\"url\":\"https:\/\/watersports-rhodes.com\/fr\/mentions-legales\/\",\"name\":\"Sports nautiques \u00e0 Rhodes | Mentions l\u00e9gales\",\"isPartOf\":{\"@id\":\"https:\/\/watersports-rhodes.com\/fr\/#website\"},\"datePublished\":\"2023-12-11T13:17:57+00:00\",\"dateModified\":\"2024-02-20T09:13:17+00:00\",\"breadcrumb\":{\"@id\":\"https:\/\/watersports-rhodes.com\/fr\/mentions-legales\/#breadcrumb\"},\"inLanguage\":\"fr-FR\",\"potentialAction\":[{\"@type\":\"ReadAction\",\"target\":[\"https:\/\/watersports-rhodes.com\/fr\/mentions-legales\/\"]}]},{\"@type\":\"BreadcrumbList\",\"@id\":\"https:\/\/watersports-rhodes.com\/fr\/mentions-legales\/#breadcrumb\",\"itemListElement\":[{\"@type\":\"ListItem\",\"position\":1,\"name\":\"Home\",\"item\":\"https:\/\/watersports-rhodes.com\/fr\/water-sports-sailing-motor-yachting-in-kiotari-rhodos\/\"},{\"@type\":\"ListItem\",\"position\":2,\"name\":\"Mentions l\u00e9gales\"}]},{\"@type\":\"WebSite\",\"@id\":\"https:\/\/watersports-rhodes.com\/fr\/#website\",\"url\":\"https:\/\/watersports-rhodes.com\/fr\/\",\"name\":\"Watersports Rhodes\",\"description\":\"Watersports, motorboot, glass bottom boat\",\"publisher\":{\"@id\":\"https:\/\/watersports-rhodes.com\/fr\/#organization\"},\"potentialAction\":[{\"@type\":\"SearchAction\",\"target\":{\"@type\":\"EntryPoint\",\"urlTemplate\":\"https:\/\/watersports-rhodes.com\/fr\/?s={search_term_string}\"},\"query-input\":{\"@type\":\"PropertyValueSpecification\",\"valueRequired\":true,\"valueName\":\"search_term_string\"}}],\"inLanguage\":\"fr-FR\"},{\"@type\":\"Organization\",\"@id\":\"https:\/\/watersports-rhodes.com\/fr\/#organization\",\"name\":\"Watersports Rhodes\",\"url\":\"https:\/\/watersports-rhodes.com\/fr\/\",\"logo\":{\"@type\":\"ImageObject\",\"inLanguage\":\"fr-FR\",\"@id\":\"https:\/\/watersports-rhodes.com\/fr\/#\/schema\/logo\/image\/\",\"url\":\"https:\/\/watersports-rhodes.com\/wp-content\/uploads\/2023\/12\/logo-watersports-rhodes-1.png\",\"contentUrl\":\"https:\/\/watersports-rhodes.com\/wp-content\/uploads\/2023\/12\/logo-watersports-rhodes-1.png\",\"width\":620,\"height\":300,\"caption\":\"Watersports Rhodes\"},\"image\":{\"@id\":\"https:\/\/watersports-rhodes.com\/fr\/#\/schema\/logo\/image\/\"}}]}<\/script>\n<!-- \/ Yoast SEO plugin. -->","yoast_head_json":{"title":"Sports nautiques \u00e0 Rhodes | Mentions l\u00e9gales","robots":{"index":"index","follow":"follow","max-snippet":"max-snippet:-1","max-image-preview":"max-image-preview:large","max-video-preview":"max-video-preview:-1"},"canonical":"https:\/\/watersports-rhodes.com\/fr\/mentions-legales\/","og_locale":"fr_FR","og_type":"article","og_title":"Sports nautiques \u00e0 Rhodes | Mentions l\u00e9gales","og_description":"Mentions l\u00e9gales Contact M. Burkhard PostPortable 0049-(0)172-6824835Email info@wassersport-rhodos .de Adresse en Gr\u00e8ce Centre de sports nautiques de KiotariH\u00f4tel Rodos-MarisGR 85109 KiotariRhodes Contact M. Burkhard PostPortable 0030 694 645 54 58Email info@wassersport-rhodos .de Adresse de facturation Centre de sports nautiques de KiotariPOST MPORK RAIPARAL KIOTARIGR 85109 GENNADIRHODOSGr\u00e8ce Gestion M. Burkhard Post Contact pour la protection des [&hellip;]","og_url":"https:\/\/watersports-rhodes.com\/fr\/mentions-legales\/","og_site_name":"Watersports Rhodes","article_modified_time":"2024-02-20T09:13:17+00:00","twitter_card":"summary_large_image","twitter_misc":{"Dur\u00e9e de lecture estim\u00e9e":"1 minute"},"schema":{"@context":"https:\/\/schema.org","@graph":[{"@type":"WebPage","@id":"https:\/\/watersports-rhodes.com\/fr\/mentions-legales\/","url":"https:\/\/watersports-rhodes.com\/fr\/mentions-legales\/","name":"Sports nautiques \u00e0 Rhodes | Mentions l\u00e9gales","isPartOf":{"@id":"https:\/\/watersports-rhodes.com\/fr\/#website"},"datePublished":"2023-12-11T13:17:57+00:00","dateModified":"2024-02-20T09:13:17+00:00","breadcrumb":{"@id":"https:\/\/watersports-rhodes.com\/fr\/mentions-legales\/#breadcrumb"},"inLanguage":"fr-FR","potentialAction":[{"@type":"ReadAction","target":["https:\/\/watersports-rhodes.com\/fr\/mentions-legales\/"]}]},{"@type":"BreadcrumbList","@id":"https:\/\/watersports-rhodes.com\/fr\/mentions-legales\/#breadcrumb","itemListElement":[{"@type":"ListItem","position":1,"name":"Home","item":"https:\/\/watersports-rhodes.com\/fr\/water-sports-sailing-motor-yachting-in-kiotari-rhodos\/"},{"@type":"ListItem","position":2,"name":"Mentions l\u00e9gales"}]},{"@type":"WebSite","@id":"https:\/\/watersports-rhodes.com\/fr\/#website","url":"https:\/\/watersports-rhodes.com\/fr\/","name":"Watersports Rhodes","description":"Watersports, motorboot, glass bottom boat","publisher":{"@id":"https:\/\/watersports-rhodes.com\/fr\/#organization"},"potentialAction":[{"@type":"SearchAction","target":{"@type":"EntryPoint","urlTemplate":"https:\/\/watersports-rhodes.com\/fr\/?s={search_term_string}"},"query-input":{"@type":"PropertyValueSpecification","valueRequired":true,"valueName":"search_term_string"}}],"inLanguage":"fr-FR"},{"@type":"Organization","@id":"https:\/\/watersports-rhodes.com\/fr\/#organization","name":"Watersports Rhodes","url":"https:\/\/watersports-rhodes.com\/fr\/","logo":{"@type":"ImageObject","inLanguage":"fr-FR","@id":"https:\/\/watersports-rhodes.com\/fr\/#\/schema\/logo\/image\/","url":"https:\/\/watersports-rhodes.com\/wp-content\/uploads\/2023\/12\/logo-watersports-rhodes-1.png","contentUrl":"https:\/\/watersports-rhodes.com\/wp-content\/uploads\/2023\/12\/logo-watersports-rhodes-1.png","width":620,"height":300,"caption":"Watersports Rhodes"},"image":{"@id":"https:\/\/watersports-rhodes.com\/fr\/#\/schema\/logo\/image\/"}}]}},"_links":{"self":[{"href":"https:\/\/watersports-rhodes.com\/fr\/wp-json\/wp\/v2\/pages\/7133","targetHints":{"allow":["GET"]}}],"collection":[{"href":"https:\/\/watersports-rhodes.com\/fr\/wp-json\/wp\/v2\/pages"}],"about":[{"href":"https:\/\/watersports-rhodes.com\/fr\/wp-json\/wp\/v2\/types\/page"}],"author":[{"embeddable":true,"href":"https:\/\/watersports-rhodes.com\/fr\/wp-json\/wp\/v2\/users\/7"}],"replies":[{"embeddable":true,"href":"https:\/\/watersports-rhodes.com\/fr\/wp-json\/wp\/v2\/comments?post=7133"}],"version-history":[{"count":1,"href":"https:\/\/watersports-rhodes.com\/fr\/wp-json\/wp\/v2\/pages\/7133\/revisions"}],"predecessor-version":[{"id":7134,"href":"https:\/\/watersports-rhodes.com\/fr\/wp-json\/wp\/v2\/pages\/7133\/revisions\/7134"}],"wp:attachment":[{"href":"https:\/\/watersports-rhodes.com\/fr\/wp-json\/wp\/v2\/media?parent=7133"}],"curies":[{"name":"wp","href":"https:\/\/api.w.org\/{rel}","templated":true}]}}