{"id":6900,"date":"2024-01-27T21:00:39","date_gmt":"2024-01-27T20:00:39","guid":{"rendered":"http:\/\/s986445558.online.de\/bookings\/louer-un-bateau-a-moteur\/"},"modified":"2026-04-19T12:13:46","modified_gmt":"2026-04-19T10:13:46","slug":"louer-un-bateau-a-moteur","status":"publish","type":"product","link":"https:\/\/watersports-rhodes.com\/fr\/reservations\/louer-un-bateau-a-moteur\/","title":{"rendered":"Louer un bateau \u00e0 moteur"},"content":{"rendered":"<p>Vous louez l&rsquo;un de nos 3 bateaux \u00e0 moteur pouvant accueillir un maximum de 5 personnes. La location est possible entre 10h00 et 17h00 pour 1, 2 ou 3 heures. <strong><em>Si vous souhaitez r\u00e9server plusieurs heures, veuillez d&rsquo;abord s\u00e9lectionner l&rsquo;heure de d\u00e9but et ensuite l&rsquo;heure de fin !<\/em><\/strong><\/p>\n<p><strong>Les co\u00fbts :<\/strong><\/p>\n<ul>\n<li>1 heure : 80,-<\/li>\n<li>2 heures : 145,-<\/li>\n<li>3 heures : 200,-<\/li>\n<\/ul>\n","protected":false},"excerpt":{"rendered":"<p>Vous louez l&rsquo;un de nos 3 bateaux \u00e0 moteur pouvant accueillir un maximum de 5 personnes. La location est possible entre 10h00 et 17h00 pour 1, 2 ou 3 heures. Si vous souhaitez r\u00e9server plusieurs heures, veuillez d&rsquo;abord s\u00e9lectionner l&rsquo;heure de d\u00e9but et ensuite l&rsquo;heure de fin ! Les co\u00fbts : 1 heure : 80,- [&hellip;]<\/p>\n","protected":false},"featured_media":4440,"template":"","meta":{"site-sidebar-layout":"default","site-content-layout":"default","ast-site-content-layout":"default","site-content-style":"default","site-sidebar-style":"default","ast-global-header-display":"","ast-banner-title-visibility":"","ast-main-header-display":"","ast-hfb-above-header-display":"","ast-hfb-below-header-display":"","ast-hfb-mobile-header-display":"","site-post-title":"","ast-breadcrumbs-content":"","ast-featured-img":"","footer-sml-layout":"","ast-disable-related-posts":"","theme-transparent-header-meta":"default","adv-header-id-meta":"","stick-header-meta":"","header-above-stick-meta":"","header-main-stick-meta":"","header-below-stick-meta":"","astra-migrate-meta-layouts":"set","ast-page-background-enabled":"default","ast-page-background-meta":{"desktop":{"background-color":"var(--ast-global-color-4)","background-image":"","background-repeat":"repeat","background-position":"center center","background-size":"auto","background-attachment":"scroll","background-type":"","background-media":"","overlay-type":"","overlay-color":"","overlay-opacity":"","overlay-gradient":""},"tablet":{"background-color":"","background-image":"","background-repeat":"repeat","background-position":"center center","background-size":"auto","background-attachment":"scroll","background-type":"","background-media":"","overlay-type":"","overlay-color":"","overlay-opacity":"","overlay-gradient":""},"mobile":{"background-color":"","background-image":"","background-repeat":"repeat","background-position":"center center","background-size":"auto","background-attachment":"scroll","background-type":"","background-media":"","overlay-type":"","overlay-color":"","overlay-opacity":"","overlay-gradient":""}},"ast-content-background-meta":{"desktop":{"background-color":"var(--ast-global-color-5)","background-image":"","background-repeat":"repeat","background-position":"center center","background-size":"auto","background-attachment":"scroll","background-type":"","background-media":"","overlay-type":"","overlay-color":"","overlay-opacity":"","overlay-gradient":""},"tablet":{"background-color":"var(--ast-global-color-5)","background-image":"","background-repeat":"repeat","background-position":"center center","background-size":"auto","background-attachment":"scroll","background-type":"","background-media":"","overlay-type":"","overlay-color":"","overlay-opacity":"","overlay-gradient":""},"mobile":{"background-color":"var(--ast-global-color-5)","background-image":"","background-repeat":"repeat","background-position":"center center","background-size":"auto","background-attachment":"scroll","background-type":"","background-media":"","overlay-type":"","overlay-color":"","overlay-opacity":"","overlay-gradient":""}}},"product_brand":[],"product_cat":[53],"product_tag":[],"class_list":{"0":"post-6900","1":"product","2":"type-product","3":"status-publish","4":"has-post-thumbnail","6":"product_cat-non-classifiee","7":"desktop-align-left","8":"tablet-align-left","9":"mobile-align-left","11":"first","12":"instock","13":"virtual","14":"sold-individually","15":"purchasable","16":"product-type-phive_booking"},"yoast_head":"<!-- This site is optimized with the Yoast SEO plugin v27.1.1 - https:\/\/yoast.com\/product\/yoast-seo-wordpress\/ -->\n<title>Louer un bateau \u00e0 moteur - Watersports Rhodes<\/title>\n<meta name=\"robots\" content=\"index, follow, max-snippet:-1, max-image-preview:large, max-video-preview:-1\" \/>\n<link rel=\"canonical\" href=\"https:\/\/watersports-rhodes.com\/fr\/reservations\/louer-un-bateau-a-moteur\/\" \/>\n<meta property=\"og:locale\" content=\"fr_FR\" \/>\n<meta property=\"og:type\" content=\"article\" \/>\n<meta property=\"og:title\" content=\"Louer un bateau \u00e0 moteur - Watersports Rhodes\" \/>\n<meta property=\"og:description\" content=\"Vous louez l&rsquo;un de nos 3 bateaux \u00e0 moteur pouvant accueillir un maximum de 5 personnes. La location est possible entre 10h00 et 17h00 pour 1, 2 ou 3 heures. Si vous souhaitez r\u00e9server plusieurs heures, veuillez d&rsquo;abord s\u00e9lectionner l&rsquo;heure de d\u00e9but et ensuite l&rsquo;heure de fin ! Les co\u00fbts : 1 heure : 80,- [&hellip;]\" \/>\n<meta property=\"og:url\" content=\"https:\/\/watersports-rhodes.com\/fr\/reservations\/louer-un-bateau-a-moteur\/\" \/>\n<meta property=\"og:site_name\" content=\"Watersports Rhodes\" \/>\n<meta property=\"article:modified_time\" content=\"2026-04-19T10:13:46+00:00\" \/>\n<meta property=\"og:image\" content=\"https:\/\/watersports-rhodes.com\/wp-content\/uploads\/2023\/11\/motorboat-02-1.jpg\" \/>\n\t<meta property=\"og:image:width\" content=\"1024\" \/>\n\t<meta property=\"og:image:height\" content=\"768\" \/>\n\t<meta property=\"og:image:type\" content=\"image\/jpeg\" \/>\n<meta name=\"twitter:card\" content=\"summary_large_image\" \/>\n<meta name=\"twitter:label1\" content=\"Dur\u00e9e de lecture estim\u00e9e\" \/>\n\t<meta name=\"twitter:data1\" content=\"1 minute\" \/>\n<script type=\"application\/ld+json\" class=\"yoast-schema-graph\">{\"@context\":\"https:\/\/schema.org\",\"@graph\":[{\"@type\":\"WebPage\",\"@id\":\"https:\/\/watersports-rhodes.com\/fr\/reservations\/louer-un-bateau-a-moteur\/\",\"url\":\"https:\/\/watersports-rhodes.com\/fr\/reservations\/louer-un-bateau-a-moteur\/\",\"name\":\"Louer un bateau \u00e0 moteur - Watersports Rhodes\",\"isPartOf\":{\"@id\":\"https:\/\/watersports-rhodes.com\/fr\/#website\"},\"primaryImageOfPage\":{\"@id\":\"https:\/\/watersports-rhodes.com\/fr\/reservations\/louer-un-bateau-a-moteur\/#primaryimage\"},\"image\":{\"@id\":\"https:\/\/watersports-rhodes.com\/fr\/reservations\/louer-un-bateau-a-moteur\/#primaryimage\"},\"thumbnailUrl\":\"https:\/\/watersports-rhodes.com\/wp-content\/uploads\/2023\/11\/motorboat-02-1.jpg\",\"datePublished\":\"2024-01-27T20:00:39+00:00\",\"dateModified\":\"2026-04-19T10:13:46+00:00\",\"breadcrumb\":{\"@id\":\"https:\/\/watersports-rhodes.com\/fr\/reservations\/louer-un-bateau-a-moteur\/#breadcrumb\"},\"inLanguage\":\"fr-FR\",\"potentialAction\":[{\"@type\":\"ReadAction\",\"target\":[\"https:\/\/watersports-rhodes.com\/fr\/reservations\/louer-un-bateau-a-moteur\/\"]}]},{\"@type\":\"ImageObject\",\"inLanguage\":\"fr-FR\",\"@id\":\"https:\/\/watersports-rhodes.com\/fr\/reservations\/louer-un-bateau-a-moteur\/#primaryimage\",\"url\":\"https:\/\/watersports-rhodes.com\/wp-content\/uploads\/2023\/11\/motorboat-02-1.jpg\",\"contentUrl\":\"https:\/\/watersports-rhodes.com\/wp-content\/uploads\/2023\/11\/motorboat-02-1.jpg\",\"width\":1024,\"height\":768,\"caption\":\"Rent a motorboot in Kiotari \/ Rhodos\"},{\"@type\":\"BreadcrumbList\",\"@id\":\"https:\/\/watersports-rhodes.com\/fr\/reservations\/louer-un-bateau-a-moteur\/#breadcrumb\",\"itemListElement\":[{\"@type\":\"ListItem\",\"position\":1,\"name\":\"Home\",\"item\":\"https:\/\/watersports-rhodes.com\/fr\/water-sports-sailing-motor-yachting-in-kiotari-rhodos\/\"},{\"@type\":\"ListItem\",\"position\":2,\"name\":\"R\u00e9servez\",\"item\":\"https:\/\/watersports-rhodes.com\/fr\/reservez-maintenant\/\"},{\"@type\":\"ListItem\",\"position\":3,\"name\":\"Louer un bateau \u00e0 moteur\"}]},{\"@type\":\"WebSite\",\"@id\":\"https:\/\/watersports-rhodes.com\/fr\/#website\",\"url\":\"https:\/\/watersports-rhodes.com\/fr\/\",\"name\":\"Watersports Rhodes\",\"description\":\"Watersports, motorboot, glass bottom boat\",\"publisher\":{\"@id\":\"https:\/\/watersports-rhodes.com\/fr\/#organization\"},\"potentialAction\":[{\"@type\":\"SearchAction\",\"target\":{\"@type\":\"EntryPoint\",\"urlTemplate\":\"https:\/\/watersports-rhodes.com\/fr\/?s={search_term_string}\"},\"query-input\":{\"@type\":\"PropertyValueSpecification\",\"valueRequired\":true,\"valueName\":\"search_term_string\"}}],\"inLanguage\":\"fr-FR\"},{\"@type\":\"Organization\",\"@id\":\"https:\/\/watersports-rhodes.com\/fr\/#organization\",\"name\":\"Watersports Rhodes\",\"url\":\"https:\/\/watersports-rhodes.com\/fr\/\",\"logo\":{\"@type\":\"ImageObject\",\"inLanguage\":\"fr-FR\",\"@id\":\"https:\/\/watersports-rhodes.com\/fr\/#\/schema\/logo\/image\/\",\"url\":\"https:\/\/watersports-rhodes.com\/wp-content\/uploads\/2023\/12\/logo-watersports-rhodes-1.png\",\"contentUrl\":\"https:\/\/watersports-rhodes.com\/wp-content\/uploads\/2023\/12\/logo-watersports-rhodes-1.png\",\"width\":620,\"height\":300,\"caption\":\"Watersports Rhodes\"},\"image\":{\"@id\":\"https:\/\/watersports-rhodes.com\/fr\/#\/schema\/logo\/image\/\"}}]}<\/script>\n<!-- \/ Yoast SEO plugin. -->","yoast_head_json":{"title":"Louer un bateau \u00e0 moteur - Watersports Rhodes","robots":{"index":"index","follow":"follow","max-snippet":"max-snippet:-1","max-image-preview":"max-image-preview:large","max-video-preview":"max-video-preview:-1"},"canonical":"https:\/\/watersports-rhodes.com\/fr\/reservations\/louer-un-bateau-a-moteur\/","og_locale":"fr_FR","og_type":"article","og_title":"Louer un bateau \u00e0 moteur - Watersports Rhodes","og_description":"Vous louez l&rsquo;un de nos 3 bateaux \u00e0 moteur pouvant accueillir un maximum de 5 personnes. La location est possible entre 10h00 et 17h00 pour 1, 2 ou 3 heures. Si vous souhaitez r\u00e9server plusieurs heures, veuillez d&rsquo;abord s\u00e9lectionner l&rsquo;heure de d\u00e9but et ensuite l&rsquo;heure de fin ! Les co\u00fbts : 1 heure : 80,- [&hellip;]","og_url":"https:\/\/watersports-rhodes.com\/fr\/reservations\/louer-un-bateau-a-moteur\/","og_site_name":"Watersports Rhodes","article_modified_time":"2026-04-19T10:13:46+00:00","og_image":[{"width":1024,"height":768,"url":"https:\/\/watersports-rhodes.com\/wp-content\/uploads\/2023\/11\/motorboat-02-1.jpg","type":"image\/jpeg"}],"twitter_card":"summary_large_image","twitter_misc":{"Dur\u00e9e de lecture estim\u00e9e":"1 minute"},"schema":{"@context":"https:\/\/schema.org","@graph":[{"@type":"WebPage","@id":"https:\/\/watersports-rhodes.com\/fr\/reservations\/louer-un-bateau-a-moteur\/","url":"https:\/\/watersports-rhodes.com\/fr\/reservations\/louer-un-bateau-a-moteur\/","name":"Louer un bateau \u00e0 moteur - Watersports Rhodes","isPartOf":{"@id":"https:\/\/watersports-rhodes.com\/fr\/#website"},"primaryImageOfPage":{"@id":"https:\/\/watersports-rhodes.com\/fr\/reservations\/louer-un-bateau-a-moteur\/#primaryimage"},"image":{"@id":"https:\/\/watersports-rhodes.com\/fr\/reservations\/louer-un-bateau-a-moteur\/#primaryimage"},"thumbnailUrl":"https:\/\/watersports-rhodes.com\/wp-content\/uploads\/2023\/11\/motorboat-02-1.jpg","datePublished":"2024-01-27T20:00:39+00:00","dateModified":"2026-04-19T10:13:46+00:00","breadcrumb":{"@id":"https:\/\/watersports-rhodes.com\/fr\/reservations\/louer-un-bateau-a-moteur\/#breadcrumb"},"inLanguage":"fr-FR","potentialAction":[{"@type":"ReadAction","target":["https:\/\/watersports-rhodes.com\/fr\/reservations\/louer-un-bateau-a-moteur\/"]}]},{"@type":"ImageObject","inLanguage":"fr-FR","@id":"https:\/\/watersports-rhodes.com\/fr\/reservations\/louer-un-bateau-a-moteur\/#primaryimage","url":"https:\/\/watersports-rhodes.com\/wp-content\/uploads\/2023\/11\/motorboat-02-1.jpg","contentUrl":"https:\/\/watersports-rhodes.com\/wp-content\/uploads\/2023\/11\/motorboat-02-1.jpg","width":1024,"height":768,"caption":"Rent a motorboot in Kiotari \/ Rhodos"},{"@type":"BreadcrumbList","@id":"https:\/\/watersports-rhodes.com\/fr\/reservations\/louer-un-bateau-a-moteur\/#breadcrumb","itemListElement":[{"@type":"ListItem","position":1,"name":"Home","item":"https:\/\/watersports-rhodes.com\/fr\/water-sports-sailing-motor-yachting-in-kiotari-rhodos\/"},{"@type":"ListItem","position":2,"name":"R\u00e9servez","item":"https:\/\/watersports-rhodes.com\/fr\/reservez-maintenant\/"},{"@type":"ListItem","position":3,"name":"Louer un bateau \u00e0 moteur"}]},{"@type":"WebSite","@id":"https:\/\/watersports-rhodes.com\/fr\/#website","url":"https:\/\/watersports-rhodes.com\/fr\/","name":"Watersports Rhodes","description":"Watersports, motorboot, glass bottom boat","publisher":{"@id":"https:\/\/watersports-rhodes.com\/fr\/#organization"},"potentialAction":[{"@type":"SearchAction","target":{"@type":"EntryPoint","urlTemplate":"https:\/\/watersports-rhodes.com\/fr\/?s={search_term_string}"},"query-input":{"@type":"PropertyValueSpecification","valueRequired":true,"valueName":"search_term_string"}}],"inLanguage":"fr-FR"},{"@type":"Organization","@id":"https:\/\/watersports-rhodes.com\/fr\/#organization","name":"Watersports Rhodes","url":"https:\/\/watersports-rhodes.com\/fr\/","logo":{"@type":"ImageObject","inLanguage":"fr-FR","@id":"https:\/\/watersports-rhodes.com\/fr\/#\/schema\/logo\/image\/","url":"https:\/\/watersports-rhodes.com\/wp-content\/uploads\/2023\/12\/logo-watersports-rhodes-1.png","contentUrl":"https:\/\/watersports-rhodes.com\/wp-content\/uploads\/2023\/12\/logo-watersports-rhodes-1.png","width":620,"height":300,"caption":"Watersports Rhodes"},"image":{"@id":"https:\/\/watersports-rhodes.com\/fr\/#\/schema\/logo\/image\/"}}]}},"_links":{"self":[{"href":"https:\/\/watersports-rhodes.com\/fr\/wp-json\/wp\/v2\/product\/6900","targetHints":{"allow":["GET"]}}],"collection":[{"href":"https:\/\/watersports-rhodes.com\/fr\/wp-json\/wp\/v2\/product"}],"about":[{"href":"https:\/\/watersports-rhodes.com\/fr\/wp-json\/wp\/v2\/types\/product"}],"wp:featuredmedia":[{"embeddable":true,"href":"https:\/\/watersports-rhodes.com\/fr\/wp-json\/wp\/v2\/media\/4440"}],"wp:attachment":[{"href":"https:\/\/watersports-rhodes.com\/fr\/wp-json\/wp\/v2\/media?parent=6900"}],"wp:term":[{"taxonomy":"product_brand","embeddable":true,"href":"https:\/\/watersports-rhodes.com\/fr\/wp-json\/wp\/v2\/product_brand?post=6900"},{"taxonomy":"product_cat","embeddable":true,"href":"https:\/\/watersports-rhodes.com\/fr\/wp-json\/wp\/v2\/product_cat?post=6900"},{"taxonomy":"product_tag","embeddable":true,"href":"https:\/\/watersports-rhodes.com\/fr\/wp-json\/wp\/v2\/product_tag?post=6900"}],"curies":[{"name":"wp","href":"https:\/\/api.w.org\/{rel}","templated":true}]}}